{"id":107,"date":"2024-06-06T11:06:39","date_gmt":"2024-06-06T11:06:39","guid":{"rendered":"https:\/\/wordpress.pmls-print.de\/?page_id=107"},"modified":"2024-11-06T14:58:41","modified_gmt":"2024-11-06T14:58:41","slug":"leistungen-2","status":"publish","type":"page","link":"https:\/\/pmls-print.de\/index.php\/leistungen-2\/","title":{"rendered":"Leistungen"},"content":{"rendered":"\n<div class=\"wp-block-cover alignfull has-parallax\" style=\"min-height:100vh;aspect-ratio:unset;\"><span aria-hidden=\"true\" class=\"wp-block-cover__background has-contrast-background-color has-background-dim\"><\/span><div class=\"wp-block-cover__image-background wp-image-10 has-parallax\" style=\"background-position:50% 50%;background-image:url(https:\/\/pmls-print.de\/wp-content\/uploads\/2024\/05\/leistungen.jpg)\"><\/div><div class=\"wp-block-cover__inner-container has-global-padding is-layout-constrained wp-container-core-cover-is-layout-8d0cf199 wp-block-cover-is-layout-constrained\">\n<h1 class=\"wp-block-heading has-text-align-center has-base-2-color has-text-color has-link-color wp-elements-6bd0df3fa041fd8905545a9d85bcc1da\" style=\"font-size:5.5vw\">Wir drucken so,<br>wie du es brauchst<\/h1>\n\n\n\n<p class=\"has-text-align-center has-base-2-color has-text-color has-link-color wp-elements-f56c5b2a872c7b57e41f3c8421706764\" style=\"font-size:clamp(16.834px, 1.052rem + ((1vw - 3.2px) * 0.955), 26px);\">Verl\u00e4sslich, ma\u00dfgeschneidert, hochwertig<\/p>\n<\/div><\/div>\n\n\n\n<div class=\"wp-block-group alignfull has-global-padding is-layout-constrained wp-container-core-group-is-layout-6e824401 wp-block-group-is-layout-constrained\" style=\"margin-top:0;margin-bottom:0\">\n<div style=\"height:95px\" aria-hidden=\"true\" class=\"wp-block-spacer\"><\/div>\n\n\n\n<h2 class=\"wp-block-heading has-text-align-center has-text-color has-link-color wp-elements-9777e97c696036b2edf9e5716a7bade9\" style=\"color:#592c83;text-transform:uppercase\"><strong>Der Druck deiner Printmedien<br> sollte einfach glatt laufen<\/strong><br>Mit einem Partner, der weiss, worauf es ankommt.<\/h2>\n\n\n\n<p class=\"has-text-align-center\" style=\"font-size:clamp(14px, 0.875rem + ((1vw - 3.2px) * 0.625), 20px);\">Viele Unternehmen haben immer wieder \u00c4rger damit, Printprodukte zuverl\u00e4ssig drucken zu lassen, ohne mit Verz\u00f6gerungen rechnen zu m\u00fcssen, mit Abstrichen in der Qualit\u00e4t, und zeitraubenden Bestellprozessen. Wir bei PMLS wissen, wie m\u00fchsam das sein kann und haben mit unserer jahrzehntelangen Erfahrung Prozesse entwickelt, durch die du am Ende das Ergebnis in den H\u00e4nden h\u00e4ltst, dass du tats\u00e4chlich erzielen wolltest.<\/p>\n\n\n\n<div style=\"height:95px\" aria-hidden=\"true\" class=\"wp-block-spacer\"><\/div>\n<\/div>\n\n\n\n<div class=\"wp-block-group alignfull has-global-padding is-layout-constrained wp-container-core-group-is-layout-00f579c5 wp-block-group-is-layout-constrained\">\n<div class=\"wp-block-columns are-vertically-aligned-center is-layout-flex wp-container-core-columns-is-layout-28f84493 wp-block-columns-is-layout-flex\">\n<div class=\"wp-block-column is-vertically-aligned-center is-layout-flow wp-block-column-is-layout-flow\">\n<h3 class=\"wp-block-heading has-text-align-right\"><a href=\"#anker_digitaldruck\" data-type=\"internal\" data-id=\"#anker_digitaldruck\">Digitaldruck<\/a><\/h3>\n\n\n\n<div style=\"height:50px\" aria-hidden=\"true\" class=\"wp-block-spacer\"><\/div>\n\n\n\n<h3 class=\"wp-block-heading has-text-align-right\"><a href=\"#anker_verpackungsdesign\">Verpackungsdesign<\/a><\/h3>\n\n\n\n<div style=\"height:50px\" aria-hidden=\"true\" class=\"wp-block-spacer\"><\/div>\n\n\n\n<h3 class=\"wp-block-heading has-text-align-right\"><a href=\"#anker_logistik\">Logistik<\/a><\/h3>\n<\/div>\n\n\n\n<div class=\"wp-block-column is-vertically-aligned-center is-layout-flow wp-block-column-is-layout-flow\">\n<figure class=\"wp-block-image size-full\"><img loading=\"lazy\" decoding=\"async\" width=\"512\" height=\"628\" src=\"https:\/\/pmls-print.de\/wp-content\/uploads\/2024\/05\/Bildmarke_512px.png\" alt=\"\" class=\"wp-image-7\"\/><\/figure>\n<\/div>\n\n\n\n<div class=\"wp-block-column is-vertically-aligned-center is-layout-flow wp-block-column-is-layout-flow\">\n<h3 class=\"wp-block-heading\"><a href=\"#anker_shopsystem\">Shopsystem<\/a><\/h3>\n\n\n\n<div style=\"height:50px\" aria-hidden=\"true\" class=\"wp-block-spacer\"><\/div>\n\n\n\n<h3 class=\"wp-block-heading\"><a href=\"#anker_design\">Design &amp; Druckvorstufe<\/a><\/h3>\n\n\n\n<div style=\"height:50px\" aria-hidden=\"true\" class=\"wp-block-spacer\"><\/div>\n\n\n\n<h3 class=\"wp-block-heading\"><a href=\"#anker_leanprinting\">Lean Printing<\/a><\/h3>\n<\/div>\n<\/div>\n<\/div>\n\n\n\n<div class=\"wp-block-columns alignfull animated fadeInUp is-layout-flex wp-container-core-columns-is-layout-3b727b2b wp-block-columns-is-layout-flex\" id=\"anker_digitaldruck\" style=\"padding-top:10vw;padding-right:10vw;padding-bottom:10vw;padding-left:10vw\">\n<div class=\"wp-block-column is-layout-flow wp-block-column-is-layout-flow\" style=\"flex-basis:675px\">\n<h2 class=\"wp-block-heading has-text-color has-link-color wp-elements-1541fece19dfe7b8361f092b3a680ac7\" style=\"color:#592c83;font-style:normal;font-weight:700;text-transform:uppercase\">Digitaldruck<\/h2>\n\n\n\n<p style=\"font-size:clamp(14px, 0.875rem + ((1vw - 3.2px) * 0.625), 20px);\">Bist du dir der Wirkung von Print bewusst?<br>Printprodukte informieren glaubw\u00fcrdig und nachhaltig. Gedruckte Botschaften sind unaufdringlich, werden positiv erinnert und bleiben l\u00e4nger im Kopf. Durch die Digitalisierung entstehen immer neue M\u00f6glichkeiten. So kannst du deine Kunden pers\u00f6nlich und relevant ansprechen.<br><br><strong>Hochindividuell<\/strong>: durch Personalisierungen, Veredelungen, Kleinstauflagen<br><strong>Schnell bei dir<\/strong>: aufwendige Einrichtung der Druckmaschinen entf\u00e4llt<br><strong>Kosteneffizient<\/strong>: es wird nur produziert, was auch gebraucht wird \u2013 zu fairen Preisen<br><strong>Umweltschonend<\/strong>: keine \u00dcberproduktion oder Materialverbrauch beim Einrichten<br><br>Lass dir von uns die ganze Bandbreite an inspirierenden Marketingm\u00f6glichkeiten pr\u00e4sentieren.<\/p>\n\n\n\n<div class=\"wp-block-buttons is-layout-flex wp-block-buttons-is-layout-flex\">\n<div data-block='1' class=\"kocka kito-push wp-block-button has-custom-font-size o-anim-hover o-typing-delay-100ms magic-AAADA\" style=\"font-size:clamp(14px, 0.875rem + ((1vw - 3.2px) * 0.625), 20px);\"><a class=\"wp-block-button__link has-background wp-element-button\" href=\"https:\/\/pmls-print.de\/index.php\/leistungen-2\/digitaldruck-2\/\" style=\"background-color:#592c83\">Mehr erfahren<\/a><\/div>\n<\/div>\n<\/div>\n\n\n\n<div class=\"wp-block-column is-layout-flow wp-block-column-is-layout-flow\">\n<figure class=\"wp-block-image size-full\"><img loading=\"lazy\" decoding=\"async\" width=\"128\" height=\"128\" src=\"https:\/\/pmls-print.de\/wp-content\/uploads\/2024\/06\/digitaldruck.png\" alt=\"\" class=\"wp-image-110\" style=\"object-fit:cover\"\/><\/figure>\n<\/div>\n<\/div>\n\n\n\n<div class=\"wp-block-columns alignfull animated fadeInUp is-layout-flex wp-container-core-columns-is-layout-3b727b2b wp-block-columns-is-layout-flex\" id=\"anker_shopsystem\" style=\"padding-top:10vw;padding-right:10vw;padding-bottom:10vw;padding-left:10vw\">\n<div class=\"wp-block-column is-layout-flow wp-block-column-is-layout-flow\">\n<figure class=\"wp-block-image alignright size-full\"><img loading=\"lazy\" decoding=\"async\" width=\"128\" height=\"128\" src=\"https:\/\/pmls-print.de\/wp-content\/uploads\/2024\/06\/shop.png\" alt=\"\" class=\"wp-image-140\" style=\"object-fit:cover\"\/><\/figure>\n<\/div>\n\n\n\n<div class=\"wp-block-column is-layout-flow wp-block-column-is-layout-flow\" style=\"flex-basis:675px\">\n<h2 class=\"wp-block-heading has-text-color has-link-color wp-elements-27c74da47d2ca5d5ef18c1c38065c405\" style=\"color:#592c83;font-style:normal;font-weight:700;text-transform:uppercase\">Shopsystem<\/h2>\n\n\n\n<p style=\"font-size:clamp(14px, 0.875rem + ((1vw - 3.2px) * 0.625), 20px);\">Wichtige Drucksachen online zu bestellen, kann immer ein Risiko sein. Nervige Bestellprozesse, zu sp\u00e4te Lieferung oder eine schlechte Druckqualit\u00e4t.<br>Digital und trotzdem pers\u00f6nlich bei uns zu bestellen, ist etwas ganz anderes.<br><strong>Personalisiertes Shopsystem f\u00fcr dein Unternehmen<\/strong><br>Ben\u00f6tigst du regelm\u00e4\u00dfig Druckprodukte in unterschiedlichen Auflagen, f\u00fcr verschiedene Standorte oder f\u00fcr diverse Abteilungen und Mitarbeiter? Unser personalisiertes Shopsystem bietet dir daf\u00fcr die optimale L\u00f6sung.<br><strong>Mit wenigen Klicks bedarfsgerecht bestellen<\/strong><br>Mitarbeiter oder Manager k\u00f6nnen Produkte ausw\u00e4hlen, St\u00fcckzahlen oder Staffelungen festlegen, Versandadressen zuweisen und anschlie\u00dfend eine Bestellung ausl\u00f6sen. Die zuverl\u00e4ssige Bearbeitung ist durch eine transparente Datenverarbeitung im Backend des Shops gew\u00e4hrleistet.<br><strong>Management mit Durchblick<\/strong><br>Wir liefern dir die L\u00f6sung, um Aufgaben direkt an diejenigen zu delegieren, die wissen was ben\u00f6tigt wird. Dabei beh\u00e4ltst du stehts den \u00dcberblick \u00fcber alle laufenden Bestellungen und Prozesse und gibst diese gegebenenfalls nur noch zentral frei. Dank flexibler Nutzerverwaltungen mit Rechtezuweisungen bleibt die Kontrolle in deiner Hand.<br>Um alles andere k\u00fcmmern wir uns, damit du dich auf das Wesentliche konzentrieren kannst.<br><strong>Das Shopsystem im \u00dcberblick<\/strong><\/p>\n\n\n\n<ul class=\"wp-block-list\">\n<li style=\"font-size:clamp(14px, 0.875rem + ((1vw - 3.2px) * 0.625), 20px);\">Bestellausl\u00f6sung im personalisierten Shopsystem<\/li>\n\n\n\n<li style=\"font-size:clamp(14px, 0.875rem + ((1vw - 3.2px) * 0.625), 20px);\">Freigabe durch Filiale oder entsprechenden Manager<\/li>\n\n\n\n<li style=\"font-size:clamp(14px, 0.875rem + ((1vw - 3.2px) * 0.625), 20px);\">Automatisierte Produktion durch Lean Printing<\/li>\n\n\n\n<li style=\"font-size:clamp(14px, 0.875rem + ((1vw - 3.2px) * 0.625), 20px);\">Versand per Paketdienst oder Spedition an den gew\u00fcnschten Zielort<\/li>\n<\/ul>\n\n\n\n<div class=\"wp-block-buttons is-layout-flex wp-block-buttons-is-layout-flex\">\n<div data-block='1' class=\"kocka kito-push wp-block-button has-custom-font-size magic-AAADA\" style=\"font-size:clamp(14px, 0.875rem + ((1vw - 3.2px) * 0.625), 20px);\"><a class=\"wp-block-button__link has-background wp-element-button\" href=\"https:\/\/pmls-print.de\/index.php\/kontakt-2\/#anker_seyedi\" style=\"background-color:#592c83\">Kostenlos informieren<\/a><\/div>\n<\/div>\n<\/div>\n<\/div>\n\n\n\n<div class=\"wp-block-columns alignfull animated fadeInUp is-layout-flex wp-container-core-columns-is-layout-3b727b2b wp-block-columns-is-layout-flex\" id=\"anker_verpackungsdesign\" style=\"padding-top:10vw;padding-right:10vw;padding-bottom:10vw;padding-left:10vw\">\n<div class=\"wp-block-column is-layout-flow wp-block-column-is-layout-flow\" style=\"flex-basis:675px\">\n<h2 class=\"wp-block-heading has-text-color has-link-color wp-elements-42f9695bc934cd5f5c4cd63d2448ff6c\" style=\"color:#592c83;font-style:normal;font-weight:700;text-transform:uppercase\">Verpackungsdesign<\/h2>\n\n\n\n<p style=\"font-size:clamp(14px, 0.875rem + ((1vw - 3.2px) * 0.625), 20px);\">Der erste Eindruck z\u00e4hlt! Auch bei deinem Produkt.<br>Wie dein Produkt verpackt ist, entscheidet ma\u00dfgeblich mit, ob es gekauft wird oder nicht. Setze deine Produkte mit ma\u00dfgeschneiderten Verpackungen gekonnt in Szene. Eine gelungene Verpackung verankert deine Marke, denn sie wird mehrfach in die Hand genommen und gesehen. Damit bleibt dein Unternehmen im Ged\u00e4chtnis des Kunden, f\u00f6rdert Wiederholungsk\u00e4ufe und sorgt f\u00fcr Weiterempfehlungen.<\/p>\n\n\n\n<ul class=\"wp-block-list\">\n<li style=\"font-size:clamp(14px, 0.875rem + ((1vw - 3.2px) * 0.625), 20px);\">Anfertigung nach W\u00fcnschen und Bed\u00fcrfnissen, angepasst auf dein Produkt<\/li>\n\n\n\n<li style=\"font-size:clamp(14px, 0.875rem + ((1vw - 3.2px) * 0.625), 20px);\">nach Vorgaben eines Corporate Designs oder sogar f\u00fcr jeden deiner Kunden individualisiert<\/li>\n<\/ul>\n\n\n\n<p style=\"font-size:clamp(14px, 0.875rem + ((1vw - 3.2px) * 0.625), 20px);\">Du w\u00fcnschst dir kreative, einpr\u00e4gsame Verpackungen f\u00fcr deine Produkte? Wir pr\u00e4sentieren dir gerne eine F\u00fclle an Optionen.<\/p>\n\n\n\n<div class=\"wp-block-buttons is-layout-flex wp-block-buttons-is-layout-flex\">\n<div data-block='1' class=\"kocka kito-push wp-block-button has-custom-font-size magic-AAADA\" style=\"font-size:clamp(14px, 0.875rem + ((1vw - 3.2px) * 0.625), 20px);\"><a class=\"wp-block-button__link has-background wp-element-button\" href=\"https:\/\/pmls-print.de\/index.php\/kontakt-2\/#anker_meschke\" style=\"background-color:#592c83\">Lass dich inspirieren<\/a><\/div>\n<\/div>\n<\/div>\n\n\n\n<div class=\"wp-block-column is-layout-flow wp-block-column-is-layout-flow\">\n<figure class=\"wp-block-image size-full\"><img loading=\"lazy\" decoding=\"async\" width=\"128\" height=\"128\" src=\"https:\/\/pmls-print.de\/wp-content\/uploads\/2024\/06\/verpackungen.png\" alt=\"\" class=\"wp-image-141\" style=\"object-fit:cover\"\/><\/figure>\n<\/div>\n<\/div>\n\n\n\n<div class=\"wp-block-columns alignfull animated fadeInUp is-layout-flex wp-container-core-columns-is-layout-3b727b2b wp-block-columns-is-layout-flex\" id=\"anker_design\" style=\"padding-top:10vw;padding-right:10vw;padding-bottom:10vw;padding-left:10vw\">\n<div class=\"wp-block-column is-layout-flow wp-block-column-is-layout-flow\">\n<figure class=\"wp-block-image alignright size-full\"><img loading=\"lazy\" decoding=\"async\" width=\"128\" height=\"128\" src=\"https:\/\/pmls-print.de\/wp-content\/uploads\/2024\/06\/grafikdesign.png\" alt=\"\" class=\"wp-image-142\" style=\"object-fit:cover\"\/><\/figure>\n<\/div>\n\n\n\n<div class=\"wp-block-column is-layout-flow wp-block-column-is-layout-flow\" style=\"flex-basis:675px\">\n<h2 class=\"wp-block-heading has-text-color has-link-color wp-elements-3108fd9dcadf4ecc7acc6f2ecda4b7cf\" style=\"color:#592c83;font-style:normal;font-weight:700;text-transform:uppercase\">Design &amp; Druckvorstufe<\/h2>\n\n\n\n<p style=\"font-size:clamp(14px, 0.875rem + ((1vw - 3.2px) * 0.625), 20px);\">Eine Pr\u00fcfung der Druckdaten vor Produktionsbeginn geh\u00f6rt bei uns zum guten Ton.<br>Und sollte etwas mal nicht passen, helfen wir dir gerne weiter. Egal ob eine kleine Nachbearbeitung oder das komplette Design deines Printproduktes \u2013 wir erstellen es nach deinen Bed\u00fcrfnissen und Vorstellungen.<\/p>\n\n\n\n<ul class=\"wp-block-list\">\n<li style=\"font-size:clamp(14px, 0.875rem + ((1vw - 3.2px) * 0.625), 20px);\">Druckdatenpr\u00fcfung vor jedem Auftrag<\/li>\n\n\n\n<li style=\"font-size:clamp(14px, 0.875rem + ((1vw - 3.2px) * 0.625), 20px);\">Erstellung von Layout und Designs nach deinen Vorgaben<\/li>\n\n\n\n<li style=\"font-size:clamp(14px, 0.875rem + ((1vw - 3.2px) * 0.625), 20px);\">Personalisierte Mailings mit individuellem Eindruck oder Motivwechsel<\/li>\n<\/ul>\n\n\n\n<p style=\"font-size:clamp(14px, 0.875rem + ((1vw - 3.2px) * 0.625), 20px);\">Bei Fragen zur Druckdatenerstellung oder W\u00fcnschen zum Layout komm gerne auf uns zu.<\/p>\n\n\n\n<div class=\"wp-block-buttons is-layout-flex wp-block-buttons-is-layout-flex\">\n<div data-block='1' class=\"kocka kito-push wp-block-button has-custom-font-size magic-AAADA\" style=\"font-size:clamp(14px, 0.875rem + ((1vw - 3.2px) * 0.625), 20px);\"><a class=\"wp-block-button__link has-background wp-element-button\" href=\"https:\/\/pmls-print.de\/index.php\/kontakt-2\/#anker_meschke\" style=\"background-color:#592c83\">Grafiker kontaktieren<\/a><\/div>\n<\/div>\n<\/div>\n<\/div>\n\n\n\n<div class=\"wp-block-columns alignfull animated fadeInUp is-layout-flex wp-container-core-columns-is-layout-3b727b2b wp-block-columns-is-layout-flex\" id=\"anker_logistik\" style=\"padding-top:10vw;padding-right:10vw;padding-bottom:10vw;padding-left:10vw\">\n<div class=\"wp-block-column is-layout-flow wp-block-column-is-layout-flow\" style=\"flex-basis:675px\">\n<h2 class=\"wp-block-heading has-text-color has-link-color wp-elements-ecbcd80b9430b9b4ab1c400f487b9058\" style=\"color:#592c83;font-style:normal;font-weight:700;text-transform:uppercase\">Logistik<\/h2>\n\n\n\n<p style=\"font-size:clamp(14px, 0.875rem + ((1vw - 3.2px) * 0.625), 20px);\">Deine Produkte finden ihren Weg.<br>Ob ins Lager, zum Messestand oder in den Briefkasten deiner Kunden. Wir k\u00fcmmern uns auch um den Transport der bestellten Ware. Per Spedition, Versanddienstleister oder per Anlieferung durch uns: deine Bestellung erreicht immer rechtzeitig ihr Ziel. Auch bei dringenden Lieferungen oder einem gro\u00dfen Verteilerversand. Wir finden eine L\u00f6sung f\u00fcr dich.<br>Sprich uns gerne an.<\/p>\n\n\n\n<div class=\"wp-block-buttons is-layout-flex wp-block-buttons-is-layout-flex\">\n<div data-block='1' class=\"kocka kito-push wp-block-button has-custom-font-size magic-AAADA\" style=\"font-size:clamp(14px, 0.875rem + ((1vw - 3.2px) * 0.625), 20px);\"><a class=\"wp-block-button__link has-background wp-element-button\" href=\"https:\/\/pmls-print.de\/index.php\/kontakt-2\/#anker_hoffmann\" style=\"background-color:#592c83\">Logistikl\u00f6sung finden<\/a><\/div>\n<\/div>\n<\/div>\n\n\n\n<div class=\"wp-block-column is-layout-flow wp-block-column-is-layout-flow\">\n<figure class=\"wp-block-image size-full\"><img loading=\"lazy\" decoding=\"async\" width=\"128\" height=\"128\" src=\"https:\/\/pmls-print.de\/wp-content\/uploads\/2024\/06\/logistik.png\" alt=\"\" class=\"wp-image-143\" style=\"object-fit:cover\"\/><\/figure>\n<\/div>\n<\/div>\n\n\n\n<div class=\"wp-block-columns alignfull animated fadeInUp is-layout-flex wp-container-core-columns-is-layout-3b727b2b wp-block-columns-is-layout-flex\" id=\"anker_leanprinting\" style=\"padding-top:10vw;padding-right:10vw;padding-bottom:10vw;padding-left:10vw\">\n<div class=\"wp-block-column is-layout-flow wp-block-column-is-layout-flow\">\n<figure class=\"wp-block-image alignright size-full\"><img loading=\"lazy\" decoding=\"async\" width=\"128\" height=\"128\" src=\"https:\/\/pmls-print.de\/wp-content\/uploads\/2024\/06\/kanban.png\" alt=\"\" class=\"wp-image-144\" style=\"object-fit:cover\"\/><\/figure>\n<\/div>\n\n\n\n<div class=\"wp-block-column is-layout-flow wp-block-column-is-layout-flow\" style=\"flex-basis:675px\">\n<h2 class=\"wp-block-heading has-text-color has-link-color wp-elements-a552f8f63238a96328fd4a4837038cc8\" style=\"color:#592c83;font-style:normal;font-weight:700;text-transform:uppercase\">Lean Printing<\/h2>\n\n\n\n<p style=\"font-size:clamp(14px, 0.875rem + ((1vw - 3.2px) * 0.625), 20px);\">Die \u201cschlanke\u201d L\u00f6sung f\u00fcr dein Unternehmen.<br>Seit mehr als zwei Jahrzehnten nutzen wir die Methode des Lean Managements und KANBAN, um unseren Industriekunden optimal auf sie zugeschnittene L\u00f6sungen zu bieten. Suchst du auch noch nach einem Dienstleister, der sich individuell auf deine Bed\u00fcrfnisse einstellen kann?<br>Dann informiere dich gerne hier, welche Vorteile dir unsere Art zu arbeiten bietet.<br>Oder sprich uns direkt an und wir erz\u00e4hlen dir alles, was du wissen m\u00f6chtest in einem pers\u00f6nlichen Gespr\u00e4ch.<\/p>\n\n\n\n<h2 class=\"wp-block-heading has-accent-color has-text-color has-link-color wp-elements-e3b54c01fdf8d3286b11d41fdaca9735\" style=\"font-style:normal;font-weight:700\">Lean Management<\/h2>\n\n\n\n<p style=\"font-size:clamp(14px, 0.875rem + ((1vw - 3.2px) * 0.625), 20px);\">Durch eine effiziente Gestaltung und regelm\u00e4\u00dfige Optimierung aller Gesch\u00e4ftsprozesse vermeiden wir \u00fcberfl\u00fcssige T\u00e4tigkeiten. Dies spart Zeit und Kosten, auch f\u00fcr dich!<br>Zudem macht es Abl\u00e4ufe flexibler, sodass wir noch gezielter auf deine Bed\u00fcrfnisse und W\u00fcnsche eingehen und sogar ganze Prozessabl\u00e4ufe anhand gegebener Anforderungen erstellen k\u00f6nnen. Dadurch k\u00f6nnen wir dir immer qualitativ hochwertige Produkte liefern. Und diesen hohen Qualit\u00e4tsstandard auch halten.<\/p>\n\n\n\n<h2 class=\"wp-block-heading has-accent-color has-text-color has-link-color wp-elements-b3c61c5f3370dd36ca04ebb961191142\" style=\"font-style:normal;font-weight:700\">Kanban<\/h2>\n\n\n\n<p style=\"font-size:clamp(14px, 0.875rem + ((1vw - 3.2px) * 0.625), 20px);\">Dank der Kanban-Methode ist uns eine am tats\u00e4chlichen Verbrauch von Materialien orientierte Produktion m\u00f6glich. Somit kannst du unn\u00f6tige Lagerbest\u00e4nde drastisch reduzieren, wodurch wiederum Kosten eingespart werden. Den tagesaktuellen Bedarf ermitteln wir anhand Datenschnittstellen zum ERP-System des Kunden. Dadurch ist ein hohes Anpassungspotential bei kurzfristigen \u00c4nderungen des Bedarfs und einer zeitnahe Nachproduktion m\u00f6glich. Das Ergebnis: Es wird nur so viel produziert wie tats\u00e4chlich ben\u00f6tigt wird.<\/p>\n\n\n\n<div class=\"wp-block-buttons is-layout-flex wp-block-buttons-is-layout-flex\">\n<div data-block='1' class=\"kocka kito-push wp-block-button has-custom-font-size magic-AAADA\" style=\"font-size:clamp(14px, 0.875rem + ((1vw - 3.2px) * 0.625), 20px);\"><a class=\"wp-block-button__link has-background wp-element-button\" href=\"https:\/\/pmls-print.de\/index.php\/kontakt-2\/#anker_reuter\" style=\"background-color:#592c83\">Beraten lassen<\/a><\/div>\n<\/div>\n<\/div>\n<\/div>\n\n\n\n<div class=\"wp-block-cover alignfull is-light\" style=\"margin-top:0;margin-bottom:0;padding-right:var(--wp--preset--spacing--70);padding-left:var(--wp--preset--spacing--70);min-height:700px;aspect-ratio:unset;\"><span aria-hidden=\"true\" class=\"wp-block-cover__background has-background-dim-0 has-background-dim\"><\/span><img loading=\"lazy\" decoding=\"async\" width=\"1917\" height=\"1078\" class=\"wp-block-cover__image-background wp-image-11\" alt=\"\" src=\"https:\/\/pmls-print.de\/wp-content\/uploads\/2024\/05\/unternehmen.jpg\" data-object-fit=\"cover\"\/><div class=\"wp-block-cover__inner-container has-global-padding is-layout-constrained wp-container-core-cover-is-layout-12410456 wp-block-cover-is-layout-constrained\">\n<h1 class=\"wp-block-heading has-text-align-center animated zoomIn has-base-2-color has-text-color has-link-color wp-elements-17e6a3d5a6989f8aae2c9d43b72edd3f\">Unternehmen<\/h1>\n\n\n\n<div class=\"wp-block-columns is-layout-flex wp-container-core-columns-is-layout-28f84493 wp-block-columns-is-layout-flex\">\n<div class=\"wp-block-column is-layout-flow wp-block-column-is-layout-flow\"><\/div>\n\n\n\n<div class=\"wp-block-column animated slideInRight has-background is-layout-flow wp-block-column-is-layout-flow\" style=\"background-color:#592c82eb;padding-top:30px;padding-right:30px;padding-bottom:30px;padding-left:30px;flex-basis:500px\">\n<h2 class=\"wp-block-heading has-base-2-color has-text-color has-link-color wp-elements-1156b28a12325dcf1a9c3a549cfb41f8\" style=\"font-style:normal;font-weight:700\">Unternehmen<\/h2>\n\n\n\n<p class=\"has-base-2-color has-text-color has-link-color wp-elements-7179c4d0c2a6bb5742044baec767212f\" style=\"font-size:clamp(14px, 0.875rem + ((1vw - 3.2px) * 0.625), 20px);\">Wer wir sind, was uns bewegt und warum wir die Richtigen sind, wenn du einen starken Druckpartner an deiner Seite suchst.<\/p>\n\n\n\n<div class=\"wp-block-buttons is-layout-flex wp-block-buttons-is-layout-flex\">\n<div data-block='1' class=\"kocka kito-push wp-block-button has-custom-font-size magic-AAADA\" style=\"font-size:clamp(14px, 0.875rem + ((1vw - 3.2px) * 0.625), 20px);\"><a class=\"wp-block-button__link has-accent-color has-base-2-background-color has-text-color has-background has-link-color wp-element-button\" href=\"https:\/\/pmls-print.de\/index.php\/unternehmen-2\/\">Hier mehr erfahren<\/a><\/div>\n<\/div>\n<\/div>\n<\/div>\n<\/div><\/div>\n","protected":false},"excerpt":{"rendered":"<p>Der Druck deiner Printmedien sollte einfach glatt laufenMit einem Partner, der weiss, worauf es ankommt. Viele Unternehmen haben immer wieder \u00c4rger damit, Printprodukte zuverl\u00e4ssig drucken zu lassen, ohne mit Verz\u00f6gerungen rechnen zu m\u00fcssen, mit Abstrichen in der Qualit\u00e4t, und zeitraubenden Bestellprozessen. Wir bei PMLS wissen, wie m\u00fchsam das sein kann und haben mit unserer jahrzehntelangen [&hellip;]<\/p>\n","protected":false},"author":2,"featured_media":0,"parent":0,"menu_order":0,"comment_status":"closed","ping_status":"closed","template":"","meta":{"_themeisle_gutenberg_block_has_review":false,"footnotes":""},"class_list":["post-107","page","type-page","status-publish","hentry"],"_links":{"self":[{"href":"https:\/\/pmls-print.de\/index.php\/wp-json\/wp\/v2\/pages\/107","targetHints":{"allow":["GET"]}}],"collection":[{"href":"https:\/\/pmls-print.de\/index.php\/wp-json\/wp\/v2\/pages"}],"about":[{"href":"https:\/\/pmls-print.de\/index.php\/wp-json\/wp\/v2\/types\/page"}],"author":[{"embeddable":true,"href":"https:\/\/pmls-print.de\/index.php\/wp-json\/wp\/v2\/users\/2"}],"replies":[{"embeddable":true,"href":"https:\/\/pmls-print.de\/index.php\/wp-json\/wp\/v2\/comments?post=107"}],"version-history":[{"count":42,"href":"https:\/\/pmls-print.de\/index.php\/wp-json\/wp\/v2\/pages\/107\/revisions"}],"predecessor-version":[{"id":670,"href":"https:\/\/pmls-print.de\/index.php\/wp-json\/wp\/v2\/pages\/107\/revisions\/670"}],"wp:attachment":[{"href":"https:\/\/pmls-print.de\/index.php\/wp-json\/wp\/v2\/media?parent=107"}],"curies":[{"name":"wp","href":"https:\/\/api.w.org\/{rel}","templated":true}]}}