{"id":235,"date":"2024-06-06T11:08:04","date_gmt":"2024-06-06T11:08:04","guid":{"rendered":"https:\/\/wordpress.pmls-print.de\/?page_id=235"},"modified":"2025-04-01T08:58:56","modified_gmt":"2025-04-01T08:58:56","slug":"digitaldruck-2","status":"publish","type":"page","link":"https:\/\/pmls-print.de\/index.php\/leistungen-2\/digitaldruck-2\/","title":{"rendered":"Digitaldruck"},"content":{"rendered":"\n<div class=\"wp-block-cover alignfull has-parallax\" style=\"min-height:100vh;aspect-ratio:unset;\"><span aria-hidden=\"true\" class=\"wp-block-cover__background has-contrast-background-color has-background-dim\"><\/span><div class=\"wp-block-cover__image-background wp-image-12 has-parallax\" style=\"background-position:50% 50%;background-image:url(https:\/\/pmls-print.de\/wp-content\/uploads\/2024\/05\/woman_parallax_halbton.jpg)\"><\/div><div class=\"wp-block-cover__inner-container has-global-padding is-layout-constrained wp-container-core-cover-is-layout-8d0cf199 wp-block-cover-is-layout-constrained\">\n<h1 class=\"wp-block-heading has-text-align-center has-base-2-color has-text-color has-link-color wp-elements-2e8358e4e51dfd2c319ec3fe7ff33a75\" style=\"font-size:6vw\">Digitaldruck<\/h1>\n\n\n\n<p class=\"has-text-align-center has-base-2-color has-text-color has-link-color wp-elements-e195cc820756b3e762f0f6e739140b42\" style=\"font-size:clamp(16.834px, 1.052rem + ((1vw - 3.2px) * 0.955), 26px);\">Steigere deinen Erfolg mit hochwertigem Digitaldruck!<\/p>\n<\/div><\/div>\n\n\n\n<div style=\"height:100px\" aria-hidden=\"true\" class=\"wp-block-spacer\"><\/div>\n\n\n\n<div class=\"wp-block-group alignfull animated slideInUp has-global-padding is-layout-constrained wp-container-core-group-is-layout-39fec379 wp-block-group-is-layout-constrained\">\n<figure class=\"wp-block-image aligncenter size-full\"><img loading=\"lazy\" decoding=\"async\" width=\"128\" height=\"128\" src=\"https:\/\/pmls-print.de\/wp-content\/uploads\/2024\/06\/digitaldruck.png\" alt=\"\" class=\"wp-image-110\"\/><\/figure>\n\n\n\n<h2 class=\"wp-block-heading has-text-align-center has-accent-color has-text-color has-link-color wp-elements-1d98490bb1e232dc2d3c091b4167baf2\" style=\"font-size:clamp(23.043px, 1.44rem + ((1vw - 3.2px) * 1.558), 38px);font-style:normal;font-weight:700\">DIGITALDRUCK &#8211; WARUM PRINT IM MULTICHANNEL-MARKETING?<\/h2>\n\n\n\n<p class=\"has-text-align-center\" style=\"font-size:clamp(14px, 0.875rem + ((1vw - 3.2px) * 0.625), 20px);\">Trotz des digitalen Booms hat Print immer noch einen wichtigen Platz im Marketingmix. Warum? Weil Print einen haptischen und visuellen Reiz bietet, den digitale Kan\u00e4le nicht erreichen k\u00f6nnen. Durch die Kombination von digitalen und physischen Elementen in deiner Marketingstrategie schaffst du eine ganzheitliche Kundenerfahrung und steigerst die Aufmerksamkeit und Wirkung deiner Botschaften! Nimm jetzt Kontakt zu unserer erfahrenen Druckerei f\u00fcr Digitaldruck auf.<br><br><strong>Haptisches Erlebnis:<\/strong>&nbsp;Printmedien erm\u00f6glichen es dir, deine Botschaften auf eine greifbare und sinnliche Art und Weise zu vermitteln. Durch die Wahl der richtigen Materialien und Veredelungstechniken kannst du ein haptisches Erlebnis schaffen, das bei deinen Kunden einen bleibenden Eindruck hinterl\u00e4sst.<br><br><strong>Mehr Aufmerksamkeit:<\/strong>&nbsp;In einer Welt, die von digitalen Inhalten \u00fcbers\u00e4ttigt ist, kann Print deine Botschaften besser hervorheben. Ein hochwertig gestaltetes&nbsp;<a href=\"https:\/\/www.pmls-print.de\/\" target=\"_blank\" rel=\"noreferrer noopener\">Printprodukt<\/a>&nbsp;sticht aus der Masse heraus und zieht die Aufmerksamkeit deiner Zielgruppe auf sich. Das bedeutet mehr Sichtbarkeit und eine h\u00f6here Wahrscheinlichkeit, dass deine Botschaft wahrgenommen wird.<br><br><strong>Vertrauensw\u00fcrdigkeit:<\/strong>&nbsp;Printmedien werden oft als vertrauensw\u00fcrdiger wahrgenommen als digitale Inhalte. Studien haben gezeigt, dass Menschen dazu neigen, gedruckten Informationen mehr Vertrauen entgegenzubringen. Indem du den digitalen Direktdruck in deiner Marketingstrategie integrierst, kannst du das Vertrauen deiner Kunden st\u00e4rken und langfristige Beziehungen aufbauen.<br><br>Nutze die Vorteile unserer smarten, individuellen und wirksamen L\u00f6sungen f\u00fcr den Druck deiner Marketingmaterialien. Lass dich von unserem Service und unserer Qualit\u00e4t \u00fcberzeugen. Erfahre, warum Print nach wie vor eine wichtige Rolle im Marketing spielt. Kontaktiere uns noch heute, um mehr \u00fcber die Dienstleistungen unserer Druckerei f\u00fcr Digitaldruck zu erfahren und ein individuelles Angebot zu erhalten.<\/p>\n\n\n\n<div style=\"height:50px\" aria-hidden=\"true\" class=\"wp-block-spacer\"><\/div>\n\n\n\n<div class=\"wp-block-buttons is-content-justification-center is-layout-flex wp-container-core-buttons-is-layout-a89b3969 wp-block-buttons-is-layout-flex\">\n<div data-block='1' class=\"kocka kito-push wp-block-button has-custom-font-size magic-AAADA\" style=\"font-size:clamp(14px, 0.875rem + ((1vw - 3.2px) * 0.625), 20px);\"><a class=\"wp-block-button__link has-base-2-color has-accent-background-color has-text-color has-background has-link-color has-text-align-center wp-element-button\" href=\"#anker_digitaldruck\">Jetzt kostenlos beraten lassen<\/a><\/div>\n<\/div>\n\n\n\n<div style=\"height:50px\" aria-hidden=\"true\" class=\"wp-block-spacer\"><\/div>\n\n\n\n<h2 class=\"wp-block-heading has-text-align-center has-accent-color has-text-color has-link-color wp-elements-934a6b3e6444afbed65921e95d5d3304\" style=\"font-size:clamp(23.043px, 1.44rem + ((1vw - 3.2px) * 1.558), 38px);font-style:normal;font-weight:700\">SMARTES MARKETINGMATERIAL DRUCKEN LASSEN F\u00dcR DEINEN ERFOLG<\/h2>\n\n\n\n<p class=\"has-text-align-center\" style=\"font-size:clamp(14px, 0.875rem + ((1vw - 3.2px) * 0.625), 20px);\">Wir wissen, wie wichtig es ist, im heutigen wettbewerbsintensiven Markt herauszustechen. Unser smarter Druckservice f\u00fcr Digitaldruck erm\u00f6glicht es dir, hochwertiges Marketingmaterial zu erstellen, das deine Botschaft effektiv vermittelt. Von Visitenkarten \u00fcber Brosch\u00fcren bis hin zu Flyern bieten wir eine breite Palette an Druckprodukten, die deine Marke optimal pr\u00e4sentieren. Unsere Experten f\u00fcr digitalen Direktdruck stehen dir bei der Auswahl der richtigen Materialien und Veredelungen zur Seite, um sicherzustellen, dass dein Marketingmaterial Aufmerksamkeit erregt und einen bleibenden Eindruck hinterl\u00e4sst.<\/p>\n\n\n\n<h2 class=\"wp-block-heading has-text-align-center has-accent-color has-text-color has-link-color wp-elements-ed921a1f737f825173c1e6b6d9c2c9e1\" style=\"font-size:clamp(23.043px, 1.44rem + ((1vw - 3.2px) * 1.558), 38px);font-style:normal;font-weight:700\">WIRKSAMKEIT DURCH DIGITALDRUCK<\/h2>\n\n\n\n<p class=\"has-text-align-center\" style=\"font-size:clamp(14px, 0.875rem + ((1vw - 3.2px) * 0.625), 20px);\">Unser Fokus liegt auf dem Einsatz modernster Digitaldrucktechnologie, um dir Marketingmaterialien h\u00f6chster Qualit\u00e4t zu bieten. Der Digitaldruck erm\u00f6glicht eine schnelle und pr\u00e4zise Produktion, wodurch auch Kleinstauflagen wirtschaftlich umsetzbar werden. Du kannst dein Marketingmaterial bei Bedarf on demand drucken lassen, ohne hohe Lagerbest\u00e4nde vorhalten zu m\u00fcssen. Dies bedeutet nicht nur eine Kostenersparnis, sondern auch eine effiziente M\u00f6glichkeit, dein Material kontinuierlich zu aktualisieren und anzupassen.<\/p>\n\n\n\n<h2 class=\"wp-block-heading has-text-align-center has-accent-color has-text-color has-link-color wp-elements-9f680bcc4c6389730a937afbfe42afad\" style=\"font-size:clamp(23.043px, 1.44rem + ((1vw - 3.2px) * 1.558), 38px);font-style:normal;font-weight:700\">PRINT ON DEMAND F\u00dcR FLEXIBILIT\u00c4T UND NACHHALTIGKEIT<\/h2>\n\n\n\n<p class=\"has-text-align-center\" style=\"font-size:clamp(14px, 0.875rem + ((1vw - 3.2px) * 0.625), 20px);\">Mit unserem Print-on-Demand-Service hast du die volle Kontrolle \u00fcber deine Printprodukte. Du kannst die gew\u00fcnschte Menge drucken lassen, wenn du sie ben\u00f6tigst, und Verschwendung vermeiden. Dieser umweltbewusste Ansatz reduziert Abfall und f\u00f6rdert die Nachhaltigkeit deines Unternehmens. Gleichzeitig profitierst du von der Flexibilit\u00e4t, schnell auf \u00c4nderungen in deinem Marketingplan reagieren und neue Materialien bereitstellen zu k\u00f6nnen, ohne lange Wartezeiten.<\/p>\n\n\n\n<h2 class=\"wp-block-heading has-text-align-center has-accent-color has-text-color has-link-color wp-elements-41affe2566fb35331438afa68a4f6091\" style=\"font-size:clamp(23.043px, 1.44rem + ((1vw - 3.2px) * 1.558), 38px);font-style:normal;font-weight:700\">INDIVIDUELLE GESTALTUNG NACH DEINEN W\u00dcNSCHEN<\/h2>\n\n\n\n<p class=\"has-text-align-center\" style=\"font-size:clamp(14px, 0.875rem + ((1vw - 3.2px) * 0.625), 20px);\">Unsere Druckvorstufe erm\u00f6glicht es dir, deine Marketingmaterialien genau nach deinen Vorstellungen zu gestalten. Du hast die volle Kontrolle \u00fcber das Design, die Farben und die Texte. Unser Team erfahrener Grafikdesigner steht dir zur Seite und ber\u00e4t dich gerne bei der Umsetzung deiner Ideen. Durch die individuelle Gestaltung hebst du dich von der Konkurrenz ab und hinterl\u00e4sst einen bleibenden Eindruck bei deinen Kunden.<br><br>Verpasse nicht die Gelegenheit, dein Marketingmaterial mit unseren smarten, individuellen und wirksamen Printl\u00f6sungen zu verbessern. Steigere die Effektivit\u00e4t deiner Marketingkampagnen mit hochwertigem Digitaldruck von uns!<\/p>\n\n\n\n<div style=\"height:100px\" aria-hidden=\"true\" class=\"wp-block-spacer\"><\/div>\n\n\n\n<div class=\"wp-block-cover alignfull is-light\" style=\"margin-top:0;margin-bottom:0;min-height:720px;aspect-ratio:unset;\" id=\"anker_digitaldruck\"><span aria-hidden=\"true\" class=\"wp-block-cover__background has-background-dim-0 has-background-dim\"><\/span><img loading=\"lazy\" decoding=\"async\" width=\"1920\" height=\"720\" class=\"wp-block-cover__image-background wp-image-264\" alt=\"\" src=\"https:\/\/pmls-print.de\/wp-content\/uploads\/2024\/06\/kostenlos-beraten-lassen.jpg\" data-object-fit=\"cover\"\/><div class=\"wp-block-cover__inner-container has-global-padding is-layout-constrained wp-container-core-cover-is-layout-5a9cf7b8 wp-block-cover-is-layout-constrained\">\n<div class=\"wp-block-columns is-layout-flex wp-container-core-columns-is-layout-28f84493 wp-block-columns-is-layout-flex\">\n<div class=\"wp-block-column is-layout-flow wp-block-column-is-layout-flow\" style=\"flex-basis:50%\"><\/div>\n\n\n\n<div class=\"wp-block-column animated slideInLeft has-base-2-color has-text-color has-background has-link-color wp-elements-1ac03e157d8a7d33522754daf9902151 is-layout-flow wp-block-column-is-layout-flow\" style=\"background-color:#592c82eb;padding-top:30px;padding-right:30px;padding-bottom:30px;padding-left:30px;flex-basis:50%\">\n<p class=\"has-text-align-center\" style=\"font-size:clamp(18.959px, 1.185rem + ((1vw - 3.2px) * 1.15), 30px);font-style:normal;font-weight:700;text-transform:uppercase\">Jetzt Kontakt aufnehmen<\/p>\n\n\n<p><script src=\"https:\/\/js-eu1.hsforms.net\/forms\/embed\/26791737.js\" defer><\/script><\/p>\n<div class=\"hs-form-frame\" data-region=\"eu1\" data-form-id=\"292bb299-b8a9-49fb-87b7-ed7c0b81ca08\" data-portal-id=\"26791737\"><\/div>\n<\/div>\n<\/div>\n<\/div><\/div>\n<\/div>\n","protected":false},"excerpt":{"rendered":"<p>DIGITALDRUCK &#8211; WARUM PRINT IM MULTICHANNEL-MARKETING? Trotz des digitalen Booms hat Print immer noch einen wichtigen Platz im Marketingmix. Warum? Weil Print einen haptischen und visuellen Reiz bietet, den digitale Kan\u00e4le nicht erreichen k\u00f6nnen. Durch die Kombination von digitalen und physischen Elementen in deiner Marketingstrategie schaffst du eine ganzheitliche Kundenerfahrung und steigerst die Aufmerksamkeit und [&hellip;]<\/p>\n","protected":false},"author":2,"featured_media":0,"parent":107,"menu_order":0,"comment_status":"closed","ping_status":"closed","template":"","meta":{"_themeisle_gutenberg_block_has_review":false,"footnotes":""},"class_list":["post-235","page","type-page","status-publish","hentry"],"_links":{"self":[{"href":"https:\/\/pmls-print.de\/index.php\/wp-json\/wp\/v2\/pages\/235","targetHints":{"allow":["GET"]}}],"collection":[{"href":"https:\/\/pmls-print.de\/index.php\/wp-json\/wp\/v2\/pages"}],"about":[{"href":"https:\/\/pmls-print.de\/index.php\/wp-json\/wp\/v2\/types\/page"}],"author":[{"embeddable":true,"href":"https:\/\/pmls-print.de\/index.php\/wp-json\/wp\/v2\/users\/2"}],"replies":[{"embeddable":true,"href":"https:\/\/pmls-print.de\/index.php\/wp-json\/wp\/v2\/comments?post=235"}],"version-history":[{"count":36,"href":"https:\/\/pmls-print.de\/index.php\/wp-json\/wp\/v2\/pages\/235\/revisions"}],"predecessor-version":[{"id":840,"href":"https:\/\/pmls-print.de\/index.php\/wp-json\/wp\/v2\/pages\/235\/revisions\/840"}],"up":[{"embeddable":true,"href":"https:\/\/pmls-print.de\/index.php\/wp-json\/wp\/v2\/pages\/107"}],"wp:attachment":[{"href":"https:\/\/pmls-print.de\/index.php\/wp-json\/wp\/v2\/media?parent=235"}],"curies":[{"name":"wp","href":"https:\/\/api.w.org\/{rel}","templated":true}]}}