{"id":259,"date":"2024-06-06T11:56:43","date_gmt":"2024-06-06T11:56:43","guid":{"rendered":"https:\/\/wordpress.pmls-print.de\/?page_id=259"},"modified":"2025-04-01T08:57:07","modified_gmt":"2025-04-01T08:57:07","slug":"design-druckvorstufe","status":"publish","type":"page","link":"https:\/\/pmls-print.de\/index.php\/leistungen-2\/design-druckvorstufe\/","title":{"rendered":"Design &amp; Druckvorstufe"},"content":{"rendered":"\n<div class=\"wp-block-cover alignfull has-parallax\" style=\"min-height:100vh;aspect-ratio:unset;\"><span aria-hidden=\"true\" class=\"wp-block-cover__background has-contrast-background-color has-background-dim\"><\/span><div class=\"wp-block-cover__image-background wp-image-266 has-parallax\" style=\"background-position:50% 50%;background-image:url(https:\/\/pmls-print.de\/wp-content\/uploads\/2024\/06\/graphic-designer-making-logo-notebook.jpg)\"><\/div><div class=\"wp-block-cover__inner-container has-global-padding is-layout-constrained wp-container-core-cover-is-layout-8d0cf199 wp-block-cover-is-layout-constrained\">\n<h1 class=\"wp-block-heading has-text-align-center has-base-2-color has-text-color has-link-color wp-elements-39a54d88a8788176fab0f71dcb6e0aee\" style=\"font-size:5.5vw\">Design &amp; Druckvorstufe<\/h1>\n\n\n\n<p class=\"has-text-align-center has-base-2-color has-text-color has-link-color wp-elements-862e2c875e6d98eee9c77c073b109001\" style=\"font-size:clamp(16.834px, 1.052rem + ((1vw - 3.2px) * 0.955), 26px);\">Mach mal sch\u00f6n!<\/p>\n<\/div><\/div>\n\n\n\n<div style=\"height:100px\" aria-hidden=\"true\" class=\"wp-block-spacer\"><\/div>\n\n\n\n<div class=\"wp-block-group alignfull animated slideInUp has-global-padding is-layout-constrained wp-container-core-group-is-layout-39fec379 wp-block-group-is-layout-constrained\">\n<figure class=\"wp-block-image aligncenter size-full\"><img loading=\"lazy\" decoding=\"async\" width=\"128\" height=\"128\" src=\"https:\/\/pmls-print.de\/wp-content\/uploads\/2024\/06\/grafikdesign.png\" alt=\"\" class=\"wp-image-142\"\/><\/figure>\n\n\n\n<h2 class=\"wp-block-heading has-text-align-center has-accent-color has-text-color has-link-color wp-elements-b4647921b1c145cc66f495d8637a6812\" style=\"font-size:clamp(23.043px, 1.44rem + ((1vw - 3.2px) * 1.558), 38px);font-style:normal;font-weight:700\">DESIGN UND DRUCKVORSTUFE IM DIGITALDRUCK &#8211;&nbsp;IHRE VISION, UNSERE EXPERTISE<\/h2>\n\n\n\n<p class=\"has-text-align-center\" style=\"font-size:clamp(14px, 0.875rem + ((1vw - 3.2px) * 0.625), 20px);\">Unternehmen stehen wie nie zuvor der Herausforderung gegen\u00fcber, sich in einer immer st\u00e4rker digitalisierten Welt optimal zu pr\u00e4sentieren. Ein perfektes Design und eine fehlerfreie Druckvorstufe sind dabei zwei wesentliche Schl\u00fcssel, um aus der Masse hervorzustechen. Bei PMLS verstehen wir genau, worauf es dabei ankommt, und bieten Ihnen ma\u00dfgeschneiderte L\u00f6sungen an, die Ihre Botschaft gekonnt visualisieren und in unverwechselbaren Drucken zum Leben erwecken.<\/p>\n\n\n\n<h2 class=\"wp-block-heading has-text-align-center has-accent-color has-text-color has-link-color wp-elements-266cd1a84a709cfd253695b58f709e98\" style=\"font-size:clamp(23.043px, 1.44rem + ((1vw - 3.2px) * 1.558), 38px);font-style:normal;font-weight:700\">WARUM IST EIN GELUNGENER MARKETINGAUFTRITT SO WICHTIG?<\/h2>\n\n\n\n<p class=\"has-text-align-center\" style=\"font-size:clamp(14px, 0.875rem + ((1vw - 3.2px) * 0.625), 20px);\">Ein gelungener Marketingauftritt ist f\u00fcr Unternehmen von gro\u00dfer Bedeutung, da er den ersten Eindruck bei potenziellen Kunden ma\u00dfgeblich pr\u00e4gt. Das Design Ihrer Marketingmaterialien, sei es eine Brosch\u00fcre, eine Anzeige oder eine Webseite, ist oft das Erste, was Kunden von Ihrem Unternehmen wahrnehmen. Ein ansprechendes und professionelles Design weckt Interesse und Neugierde, w\u00e4hrend ein schlecht gestaltetes Material m\u00f6glicherweise unbeachtet bleibt oder sogar abschreckt. Durch eine sorgf\u00e4ltige Druckvorstufe stellen Sie sicher, dass Ihre Zielgruppe ausschlie\u00dflich h\u00f6chste Qualit\u00e4t geboten bekommt, was wiederum die Glaubw\u00fcrdigkeit und den Wert Ihrer Marke steigert.<\/p>\n\n\n\n<h2 class=\"wp-block-heading has-text-align-center has-accent-color has-text-color has-link-color wp-elements-a6cfb1d603b3e920c9f00de985c4a033\" style=\"font-size:clamp(23.043px, 1.44rem + ((1vw - 3.2px) * 1.558), 38px);font-style:normal;font-weight:700\">GESTALTEN SIE IHREN ERFOLG MIT PMLS<\/h2>\n\n\n\n<p class=\"has-text-align-center\" style=\"font-size:clamp(14px, 0.875rem + ((1vw - 3.2px) * 0.625), 20px);\">Sie f\u00fchren ein aufstrebendes Unternehmen und haben eine gro\u00dfartige Idee f\u00fcr eine Werbebrosch\u00fcre? Dann ist PMLS der richtige Ansprechpartner f\u00fcr Sie. Mit unserem erfahrenen Designteam gestalten wir ein ansprechendes Layout, das die Corporate Identity Ihres Unternehmens perfekt einf\u00e4ngt. Dabei stellen unsere Experten in der Druckvorstufe sicher, dass die Farben lebendig sind und jedes Detail seine Wirkung gestochen scharf entfaltet. Das Ergebnis? Ein Prospekt, der Kunden anlockt und Ihre Botschaft pr\u00e4zise \u00fcbermittelt.<\/p>\n\n\n\n<h2 class=\"wp-block-heading has-text-align-center has-accent-color has-text-color has-link-color wp-elements-7cb118b6f23b0c3e92b9e5b70fb1b6c4\" style=\"font-size:clamp(23.043px, 1.44rem + ((1vw - 3.2px) * 1.558), 38px);font-style:normal;font-weight:700\">\u00dcBERZEUGEN SIE SICH VON DER KREATIVIT\u00c4T UND PR\u00c4ZISION VON PMLS<\/h2>\n\n\n\n<p class=\"has-text-align-center\" style=\"font-size:clamp(14px, 0.875rem + ((1vw - 3.2px) * 0.625), 20px);\">Manchmal muss man einfach neue Wege gehen. Diesen Anspruch verk\u00f6rpern wir bei PMLS seit vielen Jahren und arbeiten immer genau am Puls der Zeit. Haben sich Technologien und Prozesse dabei auch immer wieder gewandelt und weiterentwickelt, so ist eine Sache bei PMLS doch immer gleichgeblieben. Wir bieten Ihnen s\u00e4mtliche Leistungen rund um Design- und Druckvorstufe aus einer Hand.<\/p>\n\n\n\n<ul style=\"font-size:clamp(14px, 0.875rem + ((1vw - 3.2px) * 0.625), 20px);\" class=\"wp-block-list\">\n<li>Professionelles Design: Unsere Designer verwandeln Ihre Ideen in visuelle Meisterwerke. Egal, ob Logo, Brosch\u00fcre oder Werbematerial \u2013 wir setzen Ihre Vision in ein ansprechendes Design um, das sich einpr\u00e4gt.<\/li>\n\n\n\n<li>Farbmanagement: Mit modernster Technologie und Fachwissen in der Druckvorstufe sorgen wir daf\u00fcr, dass die Farben in Ihren Drucken so lebendig wirken wie auf dem Bildschirm.<\/li>\n\n\n\n<li>Optimierte Dateien: Wir bereiten Ihre Dateien f\u00fcr den Druck vor, um maximale Klarheit und Sch\u00e4rfe zu gew\u00e4hrleisten. Keine unsch\u00f6nen \u00dcberraschungen mehr \u2013 Ihre Drucke sehen genauso aus, wie Sie es sich vorgestellt haben.<\/li>\n<\/ul>\n\n\n\n<div style=\"height:50px\" aria-hidden=\"true\" class=\"wp-block-spacer\"><\/div>\n\n\n\n<div class=\"wp-block-buttons animated slideInUp is-content-justification-center is-layout-flex wp-container-core-buttons-is-layout-a89b3969 wp-block-buttons-is-layout-flex\">\n<div data-block='1' class=\"kocka kito-push wp-block-button has-custom-font-size magic-AAADA\" style=\"font-size:clamp(14px, 0.875rem + ((1vw - 3.2px) * 0.625), 20px);\"><a class=\"wp-block-button__link has-base-2-color has-accent-background-color has-text-color has-background has-link-color wp-element-button\" href=\"#anker_design\">Individuelle Anfrage stellen<\/a><\/div>\n<\/div>\n\n\n\n<div style=\"height:50px\" aria-hidden=\"true\" class=\"wp-block-spacer\"><\/div>\n\n\n\n<h3 class=\"wp-block-heading has-text-align-center has-accent-color has-text-color has-link-color wp-elements-7ecd1ad98ad037f9e0e9308e304a5dfc\" style=\"font-size:clamp(23.043px, 1.44rem + ((1vw - 3.2px) * 1.558), 38px);font-style:normal;font-weight:700\">Darum PMLS &#8211;<br>PROFESSIONELLE GESTALTUNG VON DRUCKMATERIALIEN:<\/h3>\n\n\n\n<p class=\"has-text-align-center\" style=\"font-size:clamp(14px, 0.875rem + ((1vw - 3.2px) * 0.625), 20px);\">Unser Team hochqualifizierter Designer verf\u00fcgt \u00fcber langj\u00e4hrige Erfahrung in der Gestaltung von Printmaterialien f\u00fcr den Digitaldruck. Egal ob Brosch\u00fcren, Flyer, Visitenkarten oder Plakate &#8211; wir entwickeln einzigartige und ansprechende Designs, die Ihre Botschaft effektiv kommunizieren. Durch die richtige Wahl von Farben, Schriften und Layouts schaffen wir ein harmonisches Gesamtbild, das die Aufmerksamkeit Ihrer Zielgruppe auf sich zieht und Ihre Marke st\u00e4rkt.<\/p>\n\n\n\n<h3 class=\"wp-block-heading has-text-align-center has-accent-color has-text-color has-link-color wp-elements-da44c7d7ba067967c29c6d3b61022031\" style=\"font-size:clamp(23.043px, 1.44rem + ((1vw - 3.2px) * 1.558), 38px);font-style:normal;font-weight:700\">PR\u00c4ZISE DRUCKVORSTUFE F\u00dcR OPTIMALE ERGEBNISSE:<\/h3>\n\n\n\n<p class=\"has-text-align-center\" style=\"font-size:clamp(14px, 0.875rem + ((1vw - 3.2px) * 0.625), 20px);\">Die Druckvorstufe ist ein kritischer Schritt im Digitaldruckprozess, der \u00fcber die Qualit\u00e4t des Endprodukts wesentlich entscheidet. Unsere Experten in der Druckvorstufe sorgen daf\u00fcr, dass Ihre Druckdaten perfekt vorbereitet sind. Wir \u00fcberpr\u00fcfen Aufl\u00f6sung, Farbprofile und Dateiformate, um sicherzustellen, dass die Druckerzeugnisse in h\u00f6chster Qualit\u00e4t gedruckt werden.<\/p>\n\n\n\n<h3 class=\"wp-block-heading has-text-align-center has-accent-color has-text-color has-link-color wp-elements-14fae82fd87851a4d85029f86b79b514\" style=\"font-size:clamp(23.043px, 1.44rem + ((1vw - 3.2px) * 1.558), 38px);font-style:normal;font-weight:700\">EFFEKTIVER MARKETINGAUFTRITT F\u00dcR IHREN ERFOLG:<\/h3>\n\n\n\n<p class=\"has-text-align-center\" style=\"font-size:clamp(14px, 0.875rem + ((1vw - 3.2px) * 0.625), 20px);\">Ein gelungener Marketingauftritt ist der Schl\u00fcssel zum Erfolg jedes Unternehmens. Durch professionelles Design und eine sorgf\u00e4ltige Druckvorstufe heben Sie Ihre Marketingmaterialien auf ein neues Level. Ein ansprechendes Design zieht die Aufmerksamkeit potenzieller Kunden auf sich und vermittelt Ihre Botschaft effektiv. Durch hochwertige Druckergebnisse hinterlassen Sie einen bleibenden Eindruck und st\u00e4rken das Vertrauen in Ihre Marke. Zudem verbessert ein einheitlicher und professioneller Marketingauftritt die Wiedererkennung und f\u00f6rdert die Markenbindung, was letztendlich zu mehr Kunden und Umsatz f\u00fchrt.<\/p>\n\n\n\n<div style=\"height:100px\" aria-hidden=\"true\" class=\"wp-block-spacer\"><\/div>\n<\/div>\n\n\n\n<div class=\"wp-block-cover alignfull is-light\" style=\"margin-top:0;margin-bottom:0;min-height:720px;aspect-ratio:unset;\" id=\"anker_design\"><span aria-hidden=\"true\" class=\"wp-block-cover__background has-background-dim-0 has-background-dim\"><\/span><img loading=\"lazy\" decoding=\"async\" width=\"1920\" height=\"720\" class=\"wp-block-cover__image-background wp-image-264\" alt=\"\" src=\"https:\/\/pmls-print.de\/wp-content\/uploads\/2024\/06\/kostenlos-beraten-lassen.jpg\" data-object-fit=\"cover\"\/><div class=\"wp-block-cover__inner-container has-global-padding is-layout-constrained wp-container-core-cover-is-layout-5a9cf7b8 wp-block-cover-is-layout-constrained\">\n<div class=\"wp-block-columns is-layout-flex wp-container-core-columns-is-layout-28f84493 wp-block-columns-is-layout-flex\">\n<div class=\"wp-block-column is-layout-flow wp-block-column-is-layout-flow\" style=\"flex-basis:50%\"><\/div>\n\n\n\n<div class=\"wp-block-column animated slideInLeft has-background is-layout-flow wp-block-column-is-layout-flow\" style=\"background-color:#592c82eb;padding-top:30px;padding-right:30px;padding-bottom:30px;padding-left:30px;flex-basis:50%\">\n<p class=\"has-text-align-center has-base-2-color has-text-color has-link-color wp-elements-74560285a3298b963aa046d4afd223f3\" style=\"font-size:clamp(18.959px, 1.185rem + ((1vw - 3.2px) * 1.15), 30px);font-style:normal;font-weight:700;text-transform:uppercase\">Jetzt Kontakt aufnehmen<\/p>\n\n\n<p><script src=\"https:\/\/js-eu1.hsforms.net\/forms\/embed\/26791737.js\" defer><\/script><\/p>\n<div class=\"hs-form-frame\" data-region=\"eu1\" data-form-id=\"60a3761c-a4b1-4fc9-b915-4d6ca560dda8\" data-portal-id=\"26791737\"><\/div>\n<\/div>\n<\/div>\n<\/div><\/div>\n","protected":false},"excerpt":{"rendered":"<p>DESIGN UND DRUCKVORSTUFE IM DIGITALDRUCK &#8211;&nbsp;IHRE VISION, UNSERE EXPERTISE Unternehmen stehen wie nie zuvor der Herausforderung gegen\u00fcber, sich in einer immer st\u00e4rker digitalisierten Welt optimal zu pr\u00e4sentieren. Ein perfektes Design und eine fehlerfreie Druckvorstufe sind dabei zwei wesentliche Schl\u00fcssel, um aus der Masse hervorzustechen. Bei PMLS verstehen wir genau, worauf es dabei ankommt, und bieten [&hellip;]<\/p>\n","protected":false},"author":2,"featured_media":0,"parent":107,"menu_order":0,"comment_status":"closed","ping_status":"closed","template":"","meta":{"_themeisle_gutenberg_block_has_review":false,"footnotes":""},"class_list":["post-259","page","type-page","status-publish","hentry"],"_links":{"self":[{"href":"https:\/\/pmls-print.de\/index.php\/wp-json\/wp\/v2\/pages\/259","targetHints":{"allow":["GET"]}}],"collection":[{"href":"https:\/\/pmls-print.de\/index.php\/wp-json\/wp\/v2\/pages"}],"about":[{"href":"https:\/\/pmls-print.de\/index.php\/wp-json\/wp\/v2\/types\/page"}],"author":[{"embeddable":true,"href":"https:\/\/pmls-print.de\/index.php\/wp-json\/wp\/v2\/users\/2"}],"replies":[{"embeddable":true,"href":"https:\/\/pmls-print.de\/index.php\/wp-json\/wp\/v2\/comments?post=259"}],"version-history":[{"count":22,"href":"https:\/\/pmls-print.de\/index.php\/wp-json\/wp\/v2\/pages\/259\/revisions"}],"predecessor-version":[{"id":839,"href":"https:\/\/pmls-print.de\/index.php\/wp-json\/wp\/v2\/pages\/259\/revisions\/839"}],"up":[{"embeddable":true,"href":"https:\/\/pmls-print.de\/index.php\/wp-json\/wp\/v2\/pages\/107"}],"wp:attachment":[{"href":"https:\/\/pmls-print.de\/index.php\/wp-json\/wp\/v2\/media?parent=259"}],"curies":[{"name":"wp","href":"https:\/\/api.w.org\/{rel}","templated":true}]}}