{"id":284,"date":"2024-06-06T15:05:40","date_gmt":"2024-06-06T15:05:40","guid":{"rendered":"https:\/\/wordpress.pmls-print.de\/?page_id=284"},"modified":"2025-04-01T08:54:50","modified_gmt":"2025-04-01T08:54:50","slug":"shopsysteme","status":"publish","type":"page","link":"https:\/\/pmls-print.de\/index.php\/leistungen-2\/shopsysteme\/","title":{"rendered":"Shopsysteme"},"content":{"rendered":"\n<div class=\"wp-block-cover alignfull has-parallax\" style=\"min-height:100vh;aspect-ratio:unset;\"><span aria-hidden=\"true\" class=\"wp-block-cover__background has-contrast-background-color has-background-dim\"><\/span><div class=\"wp-block-cover__image-background wp-image-285 has-parallax\" style=\"background-position:50% 50%;background-image:url(https:\/\/pmls-print.de\/wp-content\/uploads\/2024\/06\/remote-working-from-home-workplace-home-office-with-pc-devices-gadgets.jpg)\"><\/div><div class=\"wp-block-cover__inner-container has-global-padding is-layout-constrained wp-container-core-cover-is-layout-8d0cf199 wp-block-cover-is-layout-constrained\">\n<h1 class=\"wp-block-heading has-text-align-center has-base-2-color has-text-color has-link-color wp-elements-ca57bf3e06450dbb87c6de2909698775\" style=\"font-size:5.5vw\">Shopsysteme<\/h1>\n<\/div><\/div>\n\n\n\n<div class=\"wp-block-group alignfull animated slideInUp has-global-padding is-layout-constrained wp-container-core-group-is-layout-39fec379 wp-block-group-is-layout-constrained\">\n<div style=\"height:100px\" aria-hidden=\"true\" class=\"wp-block-spacer\"><\/div>\n\n\n\n<figure class=\"wp-block-image aligncenter size-full\"><img loading=\"lazy\" decoding=\"async\" width=\"128\" height=\"128\" src=\"https:\/\/pmls-print.de\/wp-content\/uploads\/2024\/06\/shop.png\" alt=\"\" class=\"wp-image-140\"\/><\/figure>\n\n\n\n<h2 class=\"wp-block-heading has-text-align-center has-accent-color has-text-color has-link-color wp-elements-1d797db6cf15f6503b8151c548025b06\" style=\"font-size:clamp(23.043px, 1.44rem + ((1vw - 3.2px) * 1.558), 38px);font-style:normal;font-weight:700\">Print:portal &#8211; PRINTPRODUKTE ZU BESTELLEN, WAR NOCH NIE EINFACHER!<\/h2>\n\n\n\n<p class=\"has-text-align-center\" style=\"font-size:clamp(14px, 0.875rem + ((1vw - 3.2px) * 0.625), 20px);\">Unser fortschrittliches Print-Portal erm\u00f6glicht dir eine reibungslose Bestellung von Marketingmaterialien und Printprodukten. Mit zahlreichen Vorteilen f\u00fcr deine Organisation und Mitarbeiter bieten wir die ideale L\u00f6sung, um deine Gesch\u00e4ftsabl\u00e4ufe zu optimieren.<\/p>\n\n\n\n<div style=\"height:50px\" aria-hidden=\"true\" class=\"wp-block-spacer\"><\/div>\n\n\n\n<div class=\"wp-block-buttons is-content-justification-center is-layout-flex wp-container-core-buttons-is-layout-a89b3969 wp-block-buttons-is-layout-flex\">\n<div data-block='1' class=\"kocka kito-push wp-block-button has-custom-font-size magic-AAADA\" style=\"font-size:clamp(14px, 0.875rem + ((1vw - 3.2px) * 0.625), 20px);\"><a class=\"wp-block-button__link has-base-2-color has-accent-background-color has-text-color has-background has-link-color wp-element-button\" href=\"#anker_shopsysteme\">Jetzt kostenlos beraten lassen<\/a><\/div>\n<\/div>\n\n\n\n<div style=\"height:50px\" aria-hidden=\"true\" class=\"wp-block-spacer\"><\/div>\n\n\n\n<ul class=\"wp-block-list\">\n<li style=\"font-size:clamp(14px, 0.875rem + ((1vw - 3.2px) * 0.625), 20px);\">B2B-Printportal im Unternehmensdesign: Wir stellen dir und deinen Mitarbeitern deine individuellen Druckvorlagen im eigenen Portal zur Verf\u00fcgung. So sind alle Designvorlagen an einem Ort \u2013 nie wieder unterschiedliche Visitenkarten, Brosch\u00fcren oder Flyer!<\/li>\n\n\n\n<li style=\"font-size:clamp(14px, 0.875rem + ((1vw - 3.2px) * 0.625), 20px);\">Einfache Bestellung: Alle Produkte an einem Ort, bestellbar in der ben\u00f6tigten Menge, mit Lieferung an die Wunschadresse \u2013 24\/7 in unserer Print-on-Demand-Druckerei.<\/li>\n\n\n\n<li style=\"font-size:clamp(14px, 0.875rem + ((1vw - 3.2px) * 0.625), 20px);\">Individualisierte Zug\u00e4nge: Jeder berechtigte Mitarbeiter erh\u00e4lt einen eigenen Zugang und kann bedarfsgerecht seine Bestellung ausl\u00f6sen, die Lieferadresse festlegen und sogar vorhandene Designvorlagen selbstst\u00e4ndig personalisieren \u2013 CI-konform nat\u00fcrlich.<\/li>\n\n\n\n<li style=\"font-size:clamp(14px, 0.875rem + ((1vw - 3.2px) * 0.625), 20px);\">Volle Kostenkontrolle: Um eine volle Kostenkontrolle zu gew\u00e4hrleisten, werden Bestellungen in unserer Print-on-Demand-Druckerei \u00fcber einem vorher festgelegten Wert erst nach Freigabe durch den Vorgesetzten bearbeitet. Ebenso k\u00f6nnen Mindestmengen oder Bestelleinheiten festgelegt werden.<\/li>\n\n\n\n<li style=\"font-size:clamp(14px, 0.875rem + ((1vw - 3.2px) * 0.625), 20px);\">Virtuelles Lager: Alle von uns produzierten Produkte und sogar Produkte von anderen Lieferanten k\u00f6nnen wir dir in einem virtuellen Lager darstellen. So behaltet ihr den \u00dcberblick und bei Bedarf kann rechtzeitig nachbestellt werden.<\/li>\n\n\n\n<li style=\"font-size:clamp(14px, 0.875rem + ((1vw - 3.2px) * 0.625), 20px);\">Nahtlose Integration: Um deine Prozesse noch mehr zu optimieren ist zudem die Verbindung anderer Systeme wie z.B. SAP via Schnittstelle m\u00f6glich.<\/li>\n<\/ul>\n\n\n\n<h2 class=\"wp-block-heading has-text-align-center has-accent-color has-text-color has-link-color wp-elements-9357dd36d62db0b34d624f91f5503ae4\" style=\"font-size:clamp(23.043px, 1.44rem + ((1vw - 3.2px) * 1.558), 38px);font-style:normal;font-weight:700\">UMFANGREICHE WEB-TO-PRINT-FUNKTIONEN INKLUSIVE!<\/h2>\n\n\n\n<p class=\"has-text-align-center\" style=\"font-size:clamp(14px, 0.875rem + ((1vw - 3.2px) * 0.625), 20px);\">Wenn es einmal mehr sein soll als die Bestellung vorhandener Designvorlagen, bietet unser integrierter W2P:maker zahlreiche M\u00f6glichkeiten:<\/p>\n\n\n\n<ul class=\"wp-block-list\">\n<li style=\"font-size:clamp(14px, 0.875rem + ((1vw - 3.2px) * 0.625), 20px);\">Anpassung vorhandener oder Gestaltung neuer Designvorlagen: Direkt im Browser, mit anpassbaren Funktionen und der M\u00f6glichkeit, gewisse Funktionen f\u00fcr Objekte zu sperren (z.B. l\u00f6schen oder verschieben).<\/li>\n\n\n\n<li style=\"font-size:clamp(14px, 0.875rem + ((1vw - 3.2px) * 0.625), 20px);\">Personalisierung von Dokumenten: Nutzer k\u00f6nnen vorhandene Unternehmensvorlagen mit ihren Daten personalisieren, auch ohne besondere Kenntnisse in der Erstellung von Layouts.<\/li>\n\n\n\n<li style=\"font-size:clamp(14px, 0.875rem + ((1vw - 3.2px) * 0.625), 20px);\">Kalkulation (neuer) Produkte: Die Menge hat sich ge\u00e4ndert, der Umfang oder das Format? Kein Problem, denn mit der Kalkulationsfunktion k\u00f6nnen Druckprodukte ganz einfach selbst kalkuliert werden.<\/li>\n\n\n\n<li style=\"font-size:clamp(14px, 0.875rem + ((1vw - 3.2px) * 0.625), 20px);\">Abruf von bereits produzierter Lagerware: So behaltet ihr immer den \u00dcberblick, welche Produkte in welchen Mengen vorhanden sind und wann ggf. nachbestellt werden muss.<\/li>\n<\/ul>\n\n\n\n<p class=\"has-text-align-center\" style=\"font-size:clamp(14px, 0.875rem + ((1vw - 3.2px) * 0.625), 20px);\">Unser print:portal und unser Serviceangebot sind so flexibel wie deine individuellen Bed\u00fcrfnisse. Deine ma\u00dfgeschneiderte L\u00f6sung f\u00fcr dein Unternehmen entwickeln wir gemeinsam. Gern stehen die erfahrenen Mitarbeiter unserer Print-on-Demand-Druckerei dir bei allen Fragen zur Seite.<\/p>\n\n\n\n<div style=\"height:100px\" aria-hidden=\"true\" class=\"wp-block-spacer\"><\/div>\n<\/div>\n\n\n\n<div class=\"wp-block-cover alignfull is-light\" style=\"margin-top:0;margin-bottom:0;min-height:720px;aspect-ratio:unset;\" id=\"anker_shopsysteme\"><span aria-hidden=\"true\" class=\"wp-block-cover__background has-background-dim-0 has-background-dim\"><\/span><img loading=\"lazy\" decoding=\"async\" width=\"1920\" height=\"720\" class=\"wp-block-cover__image-background wp-image-264\" alt=\"\" src=\"https:\/\/pmls-print.de\/wp-content\/uploads\/2024\/06\/kostenlos-beraten-lassen.jpg\" data-object-fit=\"cover\"\/><div class=\"wp-block-cover__inner-container has-global-padding is-layout-constrained wp-container-core-cover-is-layout-5a9cf7b8 wp-block-cover-is-layout-constrained\">\n<div class=\"wp-block-columns is-layout-flex wp-container-core-columns-is-layout-28f84493 wp-block-columns-is-layout-flex\">\n<div class=\"wp-block-column is-layout-flow wp-block-column-is-layout-flow\" style=\"flex-basis:50%\"><\/div>\n\n\n\n<div class=\"wp-block-column animated slideInLeft has-base-2-color has-text-color has-background has-link-color wp-elements-1cc46b70944ac95682bfc560aaa7bda7 is-layout-flow wp-block-column-is-layout-flow\" style=\"background-color:#592c82eb;padding-top:30px;padding-right:30px;padding-bottom:30px;padding-left:30px;flex-basis:50%\">\n<p class=\"has-text-align-center\" style=\"font-size:clamp(18.959px, 1.185rem + ((1vw - 3.2px) * 1.15), 30px);font-style:normal;font-weight:700;text-transform:uppercase\">Jetzt Kontakt aufnehmen<\/p>\n\n\n<p><script src=\"https:\/\/js-eu1.hsforms.net\/forms\/embed\/26791737.js\" defer><\/script><\/p>\n<div class=\"hs-form-frame\" data-region=\"eu1\" data-form-id=\"80690a9a-cf41-4638-87cf-917a2f3ab2af\" data-portal-id=\"26791737\"><\/div>\n<\/div>\n<\/div>\n<\/div><\/div>\n","protected":false},"excerpt":{"rendered":"<p>Print:portal &#8211; PRINTPRODUKTE ZU BESTELLEN, WAR NOCH NIE EINFACHER! Unser fortschrittliches Print-Portal erm\u00f6glicht dir eine reibungslose Bestellung von Marketingmaterialien und Printprodukten. Mit zahlreichen Vorteilen f\u00fcr deine Organisation und Mitarbeiter bieten wir die ideale L\u00f6sung, um deine Gesch\u00e4ftsabl\u00e4ufe zu optimieren. UMFANGREICHE WEB-TO-PRINT-FUNKTIONEN INKLUSIVE! Wenn es einmal mehr sein soll als die Bestellung vorhandener Designvorlagen, bietet unser [&hellip;]<\/p>\n","protected":false},"author":2,"featured_media":0,"parent":107,"menu_order":0,"comment_status":"closed","ping_status":"closed","template":"","meta":{"_themeisle_gutenberg_block_has_review":false,"footnotes":""},"class_list":["post-284","page","type-page","status-publish","hentry"],"_links":{"self":[{"href":"https:\/\/pmls-print.de\/index.php\/wp-json\/wp\/v2\/pages\/284","targetHints":{"allow":["GET"]}}],"collection":[{"href":"https:\/\/pmls-print.de\/index.php\/wp-json\/wp\/v2\/pages"}],"about":[{"href":"https:\/\/pmls-print.de\/index.php\/wp-json\/wp\/v2\/types\/page"}],"author":[{"embeddable":true,"href":"https:\/\/pmls-print.de\/index.php\/wp-json\/wp\/v2\/users\/2"}],"replies":[{"embeddable":true,"href":"https:\/\/pmls-print.de\/index.php\/wp-json\/wp\/v2\/comments?post=284"}],"version-history":[{"count":24,"href":"https:\/\/pmls-print.de\/index.php\/wp-json\/wp\/v2\/pages\/284\/revisions"}],"predecessor-version":[{"id":834,"href":"https:\/\/pmls-print.de\/index.php\/wp-json\/wp\/v2\/pages\/284\/revisions\/834"}],"up":[{"embeddable":true,"href":"https:\/\/pmls-print.de\/index.php\/wp-json\/wp\/v2\/pages\/107"}],"wp:attachment":[{"href":"https:\/\/pmls-print.de\/index.php\/wp-json\/wp\/v2\/media?parent=284"}],"curies":[{"name":"wp","href":"https:\/\/api.w.org\/{rel}","templated":true}]}}