{"id":293,"date":"2024-06-06T15:14:49","date_gmt":"2024-06-06T15:14:49","guid":{"rendered":"https:\/\/wordpress.pmls-print.de\/?page_id=293"},"modified":"2026-01-22T08:51:44","modified_gmt":"2026-01-22T08:51:44","slug":"verpackungsdesign","status":"publish","type":"page","link":"https:\/\/pmls-print.de\/index.php\/leistungen-2\/verpackungsdesign\/","title":{"rendered":"Verpackungsdesign"},"content":{"rendered":"\n<div class=\"wp-block-cover alignfull has-parallax\" style=\"min-height:100vh;aspect-ratio:unset;\"><div class=\"wp-block-cover__image-background wp-image-299 has-parallax\" style=\"background-position:50% 50%;background-image:url(https:\/\/pmls-print.de\/wp-content\/uploads\/2024\/06\/gebrauchte-kartons.jpg)\"><\/div><span aria-hidden=\"true\" class=\"wp-block-cover__background has-contrast-background-color has-background-dim\"><\/span><div class=\"wp-block-cover__inner-container has-global-padding is-layout-constrained wp-container-core-cover-is-layout-8d0cf199 wp-block-cover-is-layout-constrained\">\n<h1 class=\"wp-block-heading has-text-align-center has-base-2-color has-text-color has-link-color wp-elements-88ce7fd5c5374e105133b0539ab70847\" style=\"font-size:5.5vw\">Verpackungsdesign<\/h1>\n\n\n\n<p class=\"has-text-align-center has-base-2-color has-text-color has-link-color wp-elements-f6c7980867307169cfde7488271f662d\" style=\"font-size:clamp(16.834px, 1.052rem + ((1vw - 3.2px) * 0.955), 26px);\">Es kommt darauf an, wie man es verpackt.<\/p>\n<\/div><\/div>\n\n\n\n<div class=\"wp-block-group alignfull animated slideInUp has-global-padding is-layout-constrained wp-container-core-group-is-layout-39fec379 wp-block-group-is-layout-constrained\">\n<div style=\"height:100px\" aria-hidden=\"true\" class=\"wp-block-spacer\"><\/div>\n\n\n\n<figure class=\"wp-block-image aligncenter size-full\"><img loading=\"lazy\" decoding=\"async\" width=\"128\" height=\"128\" src=\"https:\/\/pmls-print.de\/wp-content\/uploads\/2024\/06\/verpackungen.png\" alt=\"\" class=\"wp-image-141\"\/><\/figure>\n\n\n\n<h2 class=\"wp-block-heading has-text-align-center has-accent-color has-text-color has-link-color wp-elements-d3fe649e0c5e2dfa460c49d4d578c0f3\" style=\"font-size:clamp(23.043px, 1.44rem + ((1vw - 3.2px) * 1.558), 38px);font-style:normal;font-weight:700\">VERPACKUNGSDESIGN F\u00dcR ERFOLGREICHES MARKETING<\/h2>\n\n\n\n<p class=\"has-text-align-center\" style=\"font-size:clamp(14px, 0.875rem + ((1vw - 3.2px) * 0.625), 20px);\">Verpackungen sind nicht nur eine einfache H\u00fclle f\u00fcr Produkte, sondern ein leistungsstarkes Marketinginstrument. Du kannst die Aufmerksamkeit deiner Kunden erregen, deine Markenidentit\u00e4t kommunizieren und letztendlich den Verkaufserfolg steigern. Hier erf\u00e4hrst du, warum Verpackungsdesign im Marketing eine entscheidende Rolle spielt.<\/p>\n\n\n\n<h2 class=\"wp-block-heading has-text-align-center has-accent-color has-text-color has-link-color wp-elements-93a1430d1e4826009e963fbc995e11e4\" style=\"font-size:clamp(23.043px, 1.44rem + ((1vw - 3.2px) * 1.558), 38px);font-style:normal;font-weight:700\">VERPACKUNGSDESIGN: VISUELLE ANZIEHUNGSKRAFT<\/h2>\n\n\n\n<p class=\"has-text-align-center\" style=\"font-size:clamp(14px, 0.875rem + ((1vw - 3.2px) * 0.625), 20px);\">Die Gestaltung einer ansprechenden Verpackung ist von gro\u00dfer Bedeutung, da sie das erste ist, was Kunden wahrnehmen, wenn sie ein Produkt sehen. Ein gut durchdachtes Verpackungsdesign kann die visuelle Anziehungskraft steigern und die Neugier der Kunden wecken. Mit Hilfe hochwertiger Verpackungsdrucktechniken k\u00f6nnen einzigartige Grafiken, Farben und Schriften verwendet werden, um die Aufmerksamkeit der Verbraucher zu erregen und das Interesse an einem Produkt zu wecken.<\/p>\n\n\n\n<h2 class=\"wp-block-heading has-text-align-center has-accent-color has-text-color has-link-color wp-elements-ffa17270b26e9c00bd18b31fe8bbd6c4\" style=\"font-size:clamp(23.043px, 1.44rem + ((1vw - 3.2px) * 1.558), 38px);font-style:normal;font-weight:700\">MARKENIDENTIT\u00c4T UND WIEDERERKENNUNGSWERT<\/h2>\n\n\n\n<p class=\"has-text-align-center\" style=\"font-size:clamp(14px, 0.875rem + ((1vw - 3.2px) * 0.625), 20px);\">Verpackungen spielen eine wesentliche Rolle bei der Kommunikation der Markenidentit\u00e4t. Sie dienen als visuelles Sprachrohr, um die Werte, Botschaften und den Stil einer Marke zu vermitteln. Ein konsistentes Verpackungsdesign schafft Wiedererkennungswert und erm\u00f6glicht es Kunden, deine Marke leichter zu identifizieren. Indem du deine Marke auf der Verpackung pr\u00e4sentierst, kannst du eine emotionale Verbindung zu deinen Kunden aufbauen und die langfristige Kundenbindung f\u00f6rdern.<\/p>\n\n\n\n<div style=\"height:50px\" aria-hidden=\"true\" class=\"wp-block-spacer\"><\/div>\n\n\n\n<div class=\"wp-block-buttons is-content-justification-center is-layout-flex wp-container-core-buttons-is-layout-a89b3969 wp-block-buttons-is-layout-flex\">\n<div data-block='1' class=\"kocka kito-push wp-block-button magic-AAADA\"><a class=\"wp-block-button__link has-base-2-color has-accent-background-color has-text-color has-background has-link-color has-custom-font-size wp-element-button\" href=\"#anker_verpackungssysteme\" style=\"font-size:clamp(14px, 0.875rem + ((1vw - 3.2px) * 0.625), 20px);\">Lass dich von unseren Profis beraten<\/a><\/div>\n<\/div>\n\n\n\n<div style=\"height:50px\" aria-hidden=\"true\" class=\"wp-block-spacer\"><\/div>\n\n\n\n<h2 class=\"wp-block-heading has-text-align-center has-accent-color has-text-color has-link-color wp-elements-ccd1d8d31d396bbab8d2d6d12a7e7bc6\" style=\"font-size:clamp(23.043px, 1.44rem + ((1vw - 3.2px) * 1.558), 38px);font-style:normal;font-weight:700\">DIFFERENZIERUNG VOM WETTBEWERB<\/h2>\n\n\n\n<p class=\"has-text-align-center\" style=\"font-size:clamp(14px, 0.875rem + ((1vw - 3.2px) * 0.625), 20px);\">Der Markt ist voller \u00e4hnlicher Produkte und die Verpackung kann der entscheidende Faktor sein, der dein Produkt von der Konkurrenz abhebt. Ein einzigartiges Verpackungsdesign kann dazu beitragen, dass dein Produkt im Regal hervorsticht und Kunden anzieht. Durch den Einsatz innovativer Verpackungsdrucktechniken, Materialien oder Formen kannst du einen bleibenden Eindruck hinterlassen und einen Wettbewerbsvorteil erzielen.<br><br>Verpackungen sind nicht nur eine \u00e4sthetische Erg\u00e4nzung, sondern ein integraler Bestandteil einer erfolgreichen Marketingstrategie.<br><br><strong>1. Ma\u00dfgeschneiderte L\u00f6sungen<\/strong>: Wir bieten individuell angepasste Verpackungsl\u00f6sungen, die speziell auf deine Anforderungen zugeschnitten sind. Egal, ob es sich um die Gr\u00f6\u00dfe, das Material, das Design oder die Funktionalit\u00e4t handelt, wir finden die perfekte L\u00f6sung f\u00fcr dich.<br><br><strong>2. Hohe Druckqualit\u00e4t<\/strong>: Unsere Verpackungsdrucke zeichnen sich durch eine au\u00dfergew\u00f6hnlich hohe Druckqualit\u00e4t aus. Mit modernster Drucktechnologie und erfahrenen Druckexperten sorgen wir daf\u00fcr, dass deine Verpackungen in brillanten Farben und gestochen scharfen Details gedruckt werden.<br><br><strong>3. Nachhaltigkeit<\/strong>: Wir sind uns bewusst, wie wichtig Nachhaltigkeit im Verpackungsbereich ist. Deshalb legen wir gro\u00dfen Wert auf umweltfreundliche Materialien und nachhaltige Produktionsprozesse. Wir helfen dir, umweltfreundliche Verpackungsoptionen zu finden, die deinen Anforderungen und den Bed\u00fcrfnissen deiner Kunden gerecht werden.<br><br>Mit unserer langj\u00e4hrigen Erfahrung als Verpackungsdesigner und unserer Leidenschaft f\u00fcr Druckerzeugnisse sind wir der ideale Partner, um deine Marketingziele zu erreichen. Kontaktiere uns noch heute und lass uns gemeinsam \u00fcber die besten Verpackungsl\u00f6sungen f\u00fcr dein Unternehmen sprechen! Wir erstellen Verpackungsdesigns, die ihre Wirkung voll entfalten.<\/p>\n\n\n\n<div style=\"height:100px\" aria-hidden=\"true\" class=\"wp-block-spacer\"><\/div>\n<\/div>\n\n\n\n<div class=\"wp-block-cover alignfull is-light\" style=\"margin-top:0;margin-bottom:0;min-height:720px;aspect-ratio:unset;\" id=\"anker_verpackungssysteme\"><img loading=\"lazy\" decoding=\"async\" width=\"1920\" height=\"720\" class=\"wp-block-cover__image-background wp-image-264\" alt=\"\" src=\"https:\/\/pmls-print.de\/wp-content\/uploads\/2024\/06\/kostenlos-beraten-lassen.jpg\" data-object-fit=\"cover\"\/><span aria-hidden=\"true\" class=\"wp-block-cover__background has-background-dim-0 has-background-dim\"><\/span><div class=\"wp-block-cover__inner-container has-global-padding is-layout-constrained wp-container-core-cover-is-layout-5a9cf7b8 wp-block-cover-is-layout-constrained\">\n<div class=\"wp-block-columns is-layout-flex wp-container-core-columns-is-layout-28f84493 wp-block-columns-is-layout-flex\">\n<div class=\"wp-block-column is-layout-flow wp-block-column-is-layout-flow\" style=\"flex-basis:50%\"><\/div>\n\n\n\n<div class=\"wp-block-column animated slideInLeft has-base-2-color has-text-color has-background has-link-color wp-elements-147797f901433b9335cdbfe0e4ddbeb9 is-layout-flow wp-block-column-is-layout-flow\" style=\"background-color:#592c82eb;padding-top:30px;padding-right:30px;padding-bottom:30px;padding-left:30px;flex-basis:50%\">\n<p class=\"has-text-align-center\" style=\"font-size:clamp(18.959px, 1.185rem + ((1vw - 3.2px) * 1.15), 30px);font-style:normal;font-weight:700;text-transform:uppercase\">Jetzt Kontakt aufnehmen<\/p>\n\n\n<p><script src=\"https:\/\/js-eu1.hsforms.net\/forms\/embed\/26791737.js\" defer><\/script><\/p>\n<div class=\"hs-form-frame\" data-region=\"eu1\" data-form-id=\"37d9d0dd-9540-4825-a4ac-c204bf6a686a\" data-portal-id=\"26791737\"><\/div>\n<\/div>\n<\/div>\n<\/div><\/div>\n","protected":false},"excerpt":{"rendered":"<p>VERPACKUNGSDESIGN F\u00dcR ERFOLGREICHES MARKETING Verpackungen sind nicht nur eine einfache H\u00fclle f\u00fcr Produkte, sondern ein leistungsstarkes Marketinginstrument. Du kannst die Aufmerksamkeit deiner Kunden erregen, deine Markenidentit\u00e4t kommunizieren und letztendlich den Verkaufserfolg steigern. Hier erf\u00e4hrst du, warum Verpackungsdesign im Marketing eine entscheidende Rolle spielt. VERPACKUNGSDESIGN: VISUELLE ANZIEHUNGSKRAFT Die Gestaltung einer ansprechenden Verpackung ist von gro\u00dfer Bedeutung, [&hellip;]<\/p>\n","protected":false},"author":2,"featured_media":0,"parent":107,"menu_order":0,"comment_status":"closed","ping_status":"closed","template":"","meta":{"_themeisle_gutenberg_block_has_review":false,"footnotes":""},"class_list":["post-293","page","type-page","status-publish","hentry"],"_links":{"self":[{"href":"https:\/\/pmls-print.de\/index.php\/wp-json\/wp\/v2\/pages\/293","targetHints":{"allow":["GET"]}}],"collection":[{"href":"https:\/\/pmls-print.de\/index.php\/wp-json\/wp\/v2\/pages"}],"about":[{"href":"https:\/\/pmls-print.de\/index.php\/wp-json\/wp\/v2\/types\/page"}],"author":[{"embeddable":true,"href":"https:\/\/pmls-print.de\/index.php\/wp-json\/wp\/v2\/users\/2"}],"replies":[{"embeddable":true,"href":"https:\/\/pmls-print.de\/index.php\/wp-json\/wp\/v2\/comments?post=293"}],"version-history":[{"count":21,"href":"https:\/\/pmls-print.de\/index.php\/wp-json\/wp\/v2\/pages\/293\/revisions"}],"predecessor-version":[{"id":866,"href":"https:\/\/pmls-print.de\/index.php\/wp-json\/wp\/v2\/pages\/293\/revisions\/866"}],"up":[{"embeddable":true,"href":"https:\/\/pmls-print.de\/index.php\/wp-json\/wp\/v2\/pages\/107"}],"wp:attachment":[{"href":"https:\/\/pmls-print.de\/index.php\/wp-json\/wp\/v2\/media?parent=293"}],"curies":[{"name":"wp","href":"https:\/\/api.w.org\/{rel}","templated":true}]}}