{"id":312,"date":"2024-06-07T09:02:30","date_gmt":"2024-06-07T09:02:30","guid":{"rendered":"https:\/\/wordpress.pmls-print.de\/?page_id=312"},"modified":"2025-04-01T08:56:23","modified_gmt":"2025-04-01T08:56:23","slug":"lean-printing","status":"publish","type":"page","link":"https:\/\/pmls-print.de\/index.php\/leistungen-2\/lean-printing\/","title":{"rendered":"Lean Printing"},"content":{"rendered":"\n<div class=\"wp-block-cover alignfull has-parallax\" style=\"min-height:100vh;aspect-ratio:unset;\"><span aria-hidden=\"true\" class=\"wp-block-cover__background has-contrast-background-color has-background-dim\"><\/span><div class=\"wp-block-cover__image-background wp-image-313 has-parallax\" style=\"background-position:50% 50%;background-image:url(https:\/\/pmls-print.de\/wp-content\/uploads\/2024\/06\/csm_Prospekte_c_Suphansa_-_stock.adobe_.com_1d54e789c8.jpg)\"><\/div><div class=\"wp-block-cover__inner-container has-global-padding is-layout-constrained wp-container-core-cover-is-layout-8d0cf199 wp-block-cover-is-layout-constrained\">\n<h1 class=\"wp-block-heading has-text-align-center has-base-2-color has-text-color has-link-color wp-elements-8f001b4829b97413ad65554764cc59da\" style=\"font-size:5.5vw\">Lean Printing<\/h1>\n\n\n\n<p class=\"has-text-align-center has-base-2-color has-text-color has-link-color wp-elements-7fe7ffc6d9144499f531a903b293e2fc\" style=\"font-size:clamp(16.834px, 1.052rem + ((1vw - 3.2px) * 0.955), 26px);\">Nur das, was du wirklich brauchst.<\/p>\n<\/div><\/div>\n\n\n\n<div class=\"wp-block-group alignfull animated slideInUp has-global-padding is-layout-constrained wp-container-core-group-is-layout-39fec379 wp-block-group-is-layout-constrained\">\n<div style=\"height:100px\" aria-hidden=\"true\" class=\"wp-block-spacer\"><\/div>\n\n\n\n<figure class=\"wp-block-image aligncenter size-full\"><img loading=\"lazy\" decoding=\"async\" width=\"128\" height=\"128\" src=\"https:\/\/pmls-print.de\/wp-content\/uploads\/2024\/06\/kanban.png\" alt=\"\" class=\"wp-image-144\"\/><\/figure>\n\n\n\n<h2 class=\"wp-block-heading has-text-align-center has-accent-color has-text-color has-link-color wp-elements-8b9ca3a2b695f69b18693e6378741a29\" style=\"font-size:clamp(23.043px, 1.44rem + ((1vw - 3.2px) * 1.558), 38px);font-style:normal;font-weight:700\">LEAN PRINTING F\u00dcR EFFIZIENTE DRUCKL\u00d6SUNGEN<\/h2>\n\n\n\n<p class=\"has-text-align-center\" style=\"font-size:clamp(14px, 0.875rem + ((1vw - 3.2px) * 0.625), 20px);\">Da Zeit und Ressourcen f\u00fcr jedes Unternehmen kostbar sind, ist ein optimierter Druckprozess unerl\u00e4sslich. Das ist vor allem dann der Fall, wenn man zum Beispiel f\u00fcr eine wichtige Kundenpr\u00e4sentation kurzfristig hochwertige Brosch\u00fcren drucken muss. Genau an dieser Stelle kommt Lean Printing ins Spiel. Damit ist es m\u00f6glich, den Druckvorgang deutlich zu straffen und zu beschleunigen. PMLS ist dein Spezialist f\u00fcr Lean Printing-L\u00f6sungen, die deine Druckanforderungen erf\u00fcllen und gleichzeitig Zeit, Geld und Nerven sparen.<\/p>\n\n\n\n<h2 class=\"wp-block-heading has-text-align-center has-accent-color has-text-color has-link-color wp-elements-68267f760b09d4ddd187b07a1e3792fb\" style=\"font-size:clamp(23.043px, 1.44rem + ((1vw - 3.2px) * 1.558), 38px);font-style:normal;font-weight:700\">MACH SCHLUSS MIT UNN\u00d6TIGEN VERZ\u00d6GERUNGEN<\/h2>\n\n\n\n<p class=\"has-text-align-center\" style=\"font-size:clamp(14px, 0.875rem + ((1vw - 3.2px) * 0.625), 20px);\">Stell dir vor, deine Marketingabteilung muss eine gro\u00dfe Menge an Werbematerial f\u00fcr eine kurzfristige Aktion drucken lassen. Ohne eine effiziente Druckstrategie k\u00f6nnen dabei schnell Verz\u00f6gerungen auftreten, die deine Kampagne behindern und dich bares Geld kosten. Mit dem Lean-Printing-Ansatz senkst du dieses Risiko deutlich. Hierbei nutzen wir bew\u00e4hrte Methoden wie Kanban und Lean Management, um deinen Druckprozess zu optimieren und auch kurzfristig die bestm\u00f6glichen Ergebnisse sicherzustellen. So gew\u00e4hrleisten wir, dass deine Druckerzeugnisse p\u00fcnktlich, in bester Qualit\u00e4t und ohne Verschwendung geliefert werden.<\/p>\n\n\n\n<h2 class=\"wp-block-heading has-text-align-center has-accent-color has-text-color has-link-color wp-elements-5526eef40a35485cff2885c9c922769d\" style=\"font-size:clamp(23.043px, 1.44rem + ((1vw - 3.2px) * 1.558), 38px);font-style:normal;font-weight:700\">MASSGESCHNEIDERTE L\u00d6SUNGEN F\u00dcR DEINE DRUCKANFORDERUNGEN<\/h2>\n\n\n\n<p class=\"has-text-align-center\" style=\"font-size:clamp(14px, 0.875rem + ((1vw - 3.2px) * 0.625), 20px);\">Unser Lean Printing-Angebot umfasst:<\/p>\n\n\n\n<ul class=\"wp-block-list\">\n<li style=\"font-size:clamp(14px, 0.875rem + ((1vw - 3.2px) * 0.625), 20px);\">Kanban Lean Management: Wir implementieren Kanban-Prinzipien, um deinen Druckprozess kontinuierlich zu verbessern. Dadurch minimieren wir \u00dcberproduktion und Unstimmigkeiten.<\/li>\n\n\n\n<li style=\"font-size:clamp(14px, 0.875rem + ((1vw - 3.2px) * 0.625), 20px);\">Lean Management System: Unsere bew\u00e4hrten Lean-Methoden optimieren nicht nur den Druck, sondern den gesamten Workflow, von der Bestellung bis zur Lieferung.<\/li>\n\n\n\n<li style=\"font-size:clamp(14px, 0.875rem + ((1vw - 3.2px) * 0.625), 20px);\">Logistik und Digitalisierung: Wir nutzen die Vorteile von Lean Management in der Logistik und setzen auf digitale L\u00f6sungen wie Kanban-Digital, um den Materialfluss zu optimieren.<\/li>\n<\/ul>\n\n\n\n<h2 class=\"wp-block-heading has-text-align-center has-accent-color has-text-color has-link-color wp-elements-ef5afe6820e03be5d2dceb220e593014\" style=\"font-size:clamp(23.043px, 1.44rem + ((1vw - 3.2px) * 1.558), 38px);font-style:normal;font-weight:700\">Darum PMLS<\/h2>\n\n\n\n<h3 class=\"wp-block-heading has-text-align-center has-accent-color has-text-color has-link-color wp-elements-761f630d3c8ca1f7b3bd59fe91cb5e33\" style=\"font-size:clamp(18.959px, 1.185rem + ((1vw - 3.2px) * 1.15), 30px);font-style:normal;font-weight:700\">Expertenwissen:<\/h3>\n\n\n\n<p class=\"has-text-align-center\" style=\"font-size:clamp(14px, 0.875rem + ((1vw - 3.2px) * 0.625), 20px);\">Mit unserer langj\u00e4hrigen Erfahrung und Expertise im Lean Management bieten wir dir ma\u00dfgeschneiderte L\u00f6sungen f\u00fcr deine Druckherausforderungen.<\/p>\n\n\n\n<h3 class=\"wp-block-heading has-text-align-center has-accent-color has-text-color has-link-color wp-elements-efe5e84d627498dbf38eac89ce0c1e11\" style=\"font-size:clamp(18.959px, 1.185rem + ((1vw - 3.2px) * 1.15), 30px);font-style:normal;font-weight:700\">EFFIZIENZ UND QUALIT\u00c4T:<\/h3>\n\n\n\n<p class=\"has-text-align-center\" style=\"font-size:clamp(14px, 0.875rem + ((1vw - 3.2px) * 0.625), 20px);\">Unsere Lean-Printing-Methoden erm\u00f6glichen nicht nur schnelle Druckergebnisse, sondern auch eine hohe Qualit\u00e4t ohne Kompromisse.<\/p>\n\n\n\n<h3 class=\"wp-block-heading has-text-align-center has-accent-color has-text-color has-link-color wp-elements-204d14cc20f19b216fb627ed0f3e1498\" style=\"font-size:clamp(18.959px, 1.185rem + ((1vw - 3.2px) * 1.15), 30px);font-style:normal;font-weight:700\">KUNDENORIENTIERUNG:<\/h3>\n\n\n\n<p class=\"has-text-align-center\" style=\"font-size:clamp(14px, 0.875rem + ((1vw - 3.2px) * 0.625), 20px);\">Wir verstehen deine Bed\u00fcrfnisse und passen unsere L\u00f6sungen individuell an, um dir den bestm\u00f6glichen Service zu bieten.<\/p>\n\n\n\n<div style=\"height:50px\" aria-hidden=\"true\" class=\"wp-block-spacer\"><\/div>\n\n\n\n<div class=\"wp-block-buttons is-content-justification-center is-layout-flex wp-container-core-buttons-is-layout-a89b3969 wp-block-buttons-is-layout-flex\">\n<div data-block='1' class=\"kocka kito-push wp-block-button has-custom-font-size magic-AAADA\" style=\"font-size:clamp(14px, 0.875rem + ((1vw - 3.2px) * 0.625), 20px);\"><a class=\"wp-block-button__link has-base-2-color has-accent-background-color has-text-color has-background has-link-color wp-element-button\" href=\"#anker_leanprinting\">Bereit f\u00fcr eine effiziente Druckrevolution?<\/a><\/div>\n<\/div>\n\n\n\n<div style=\"height:50px\" aria-hidden=\"true\" class=\"wp-block-spacer\"><\/div>\n\n\n\n<p class=\"has-text-align-center\" style=\"font-size:clamp(14px, 0.875rem + ((1vw - 3.2px) * 0.625), 20px);\">Bei PMLS verstehen wir, dass Zeit und Qualit\u00e4t z\u00e4hlen. Lass uns gemeinsam deine Druckprozesse optimieren und deine Projekte zum Erfolg f\u00fchren. Kontaktiere uns, um deine Druckanforderungen zu besprechen oder einen Auftrag zu erteilen. Wir freuen uns darauf, mit dir zusammenzuarbeiten und deine Druckherausforderungen zu meistern!<\/p>\n\n\n\n<div style=\"height:100px\" aria-hidden=\"true\" class=\"wp-block-spacer\"><\/div>\n<\/div>\n\n\n\n<div class=\"wp-block-cover alignfull is-light\" style=\"margin-top:0;margin-bottom:0;min-height:720px;aspect-ratio:unset;\" id=\"anker_leanprinting\"><span aria-hidden=\"true\" class=\"wp-block-cover__background has-background-dim-0 has-background-dim\"><\/span><img loading=\"lazy\" decoding=\"async\" width=\"1920\" height=\"720\" class=\"wp-block-cover__image-background wp-image-264\" alt=\"\" src=\"https:\/\/pmls-print.de\/wp-content\/uploads\/2024\/06\/kostenlos-beraten-lassen.jpg\" data-object-fit=\"cover\"\/><div class=\"wp-block-cover__inner-container has-global-padding is-layout-constrained wp-container-core-cover-is-layout-5a9cf7b8 wp-block-cover-is-layout-constrained\">\n<div class=\"wp-block-columns is-layout-flex wp-container-core-columns-is-layout-28f84493 wp-block-columns-is-layout-flex\">\n<div class=\"wp-block-column is-layout-flow wp-block-column-is-layout-flow\" style=\"flex-basis:50%\"><\/div>\n\n\n\n<div class=\"wp-block-column animated slideInLeft has-base-2-color has-text-color has-background has-link-color wp-elements-d314fb63dbda93658f0fffa5f5ea1cab is-layout-flow wp-block-column-is-layout-flow\" style=\"background-color:#592c82eb;padding-top:30px;padding-right:30px;padding-bottom:30px;padding-left:30px;flex-basis:50%\">\n<p class=\"has-text-align-center\" style=\"font-size:clamp(18.959px, 1.185rem + ((1vw - 3.2px) * 1.15), 30px);font-style:normal;font-weight:700;text-transform:uppercase\">Jetzt Kontakt aufnehmen<\/p>\n\n\n<p><script src=\"https:\/\/js-eu1.hsforms.net\/forms\/embed\/26791737.js\" defer><\/script><\/p>\n<div class=\"hs-form-frame\" data-region=\"eu1\" data-form-id=\"47dda2af-394d-4e28-aa1a-bffbb77624e9\" data-portal-id=\"26791737\"><\/div>\n<\/div>\n<\/div>\n<\/div><\/div>\n","protected":false},"excerpt":{"rendered":"<p>LEAN PRINTING F\u00dcR EFFIZIENTE DRUCKL\u00d6SUNGEN Da Zeit und Ressourcen f\u00fcr jedes Unternehmen kostbar sind, ist ein optimierter Druckprozess unerl\u00e4sslich. Das ist vor allem dann der Fall, wenn man zum Beispiel f\u00fcr eine wichtige Kundenpr\u00e4sentation kurzfristig hochwertige Brosch\u00fcren drucken muss. Genau an dieser Stelle kommt Lean Printing ins Spiel. Damit ist es m\u00f6glich, den Druckvorgang deutlich [&hellip;]<\/p>\n","protected":false},"author":2,"featured_media":0,"parent":107,"menu_order":0,"comment_status":"closed","ping_status":"closed","template":"","meta":{"_themeisle_gutenberg_block_has_review":false,"footnotes":""},"class_list":["post-312","page","type-page","status-publish","hentry"],"_links":{"self":[{"href":"https:\/\/pmls-print.de\/index.php\/wp-json\/wp\/v2\/pages\/312","targetHints":{"allow":["GET"]}}],"collection":[{"href":"https:\/\/pmls-print.de\/index.php\/wp-json\/wp\/v2\/pages"}],"about":[{"href":"https:\/\/pmls-print.de\/index.php\/wp-json\/wp\/v2\/types\/page"}],"author":[{"embeddable":true,"href":"https:\/\/pmls-print.de\/index.php\/wp-json\/wp\/v2\/users\/2"}],"replies":[{"embeddable":true,"href":"https:\/\/pmls-print.de\/index.php\/wp-json\/wp\/v2\/comments?post=312"}],"version-history":[{"count":12,"href":"https:\/\/pmls-print.de\/index.php\/wp-json\/wp\/v2\/pages\/312\/revisions"}],"predecessor-version":[{"id":837,"href":"https:\/\/pmls-print.de\/index.php\/wp-json\/wp\/v2\/pages\/312\/revisions\/837"}],"up":[{"embeddable":true,"href":"https:\/\/pmls-print.de\/index.php\/wp-json\/wp\/v2\/pages\/107"}],"wp:attachment":[{"href":"https:\/\/pmls-print.de\/index.php\/wp-json\/wp\/v2\/media?parent=312"}],"curies":[{"name":"wp","href":"https:\/\/api.w.org\/{rel}","templated":true}]}}